{"id":1780,"date":"2019-03-08T19:22:42","date_gmt":"2019-03-08T18:22:42","guid":{"rendered":"https:\/\/www.kaemsoft.de\/CMW\/?post_type=product&#038;p=1780"},"modified":"2024-12-18T07:24:23","modified_gmt":"2024-12-18T06:24:23","slug":"usb-speicher-32-gb","status":"publish","type":"product","link":"https:\/\/www.kaemsoft.de\/CMW\/produkt\/usb-speicher-32-gb\/","title":{"rendered":"USB Speicher 32 GB"},"content":{"rendered":"<p>USB 3.0 Speicher 32 GB<\/p>\n<ul>\n<li>USB 3.0<\/li>\n<li>Robustes Metallgeh\u00e4use, f\u00fcr den anspruchsvollen Einsatz entwickelt<\/li>\n<li>Wasserdicht bis 100 m<\/li>\n<li>Ma\u00dfe L\/B\/H: 69,5mm \/ 17mm \/ 17mm<\/li>\n<li>Gewicht: 27 g<\/li>\n<\/ul>\n","protected":false},"excerpt":{"rendered":"<p>USB 3.0 Speicher 32 GB USB 3.0 Robustes Metallgeh\u00e4use, f\u00fcr den anspruchsvollen Einsatz entwickelt Wasserdicht bis 100 m Ma\u00dfe L\/B\/H: 69,5mm \/ 17mm \/ 17mm Gewicht: 27 g<\/p>\n","protected":false},"featured_media":1781,"comment_status":"open","ping_status":"closed","template":"","meta":[],"product_brand":[],"product_cat":[52],"product_tag":[88,115,116,117,118,119],"class_list":{"0":"post-1780","1":"product","2":"type-product","3":"status-publish","4":"has-post-thumbnail","6":"product_cat-hardware","7":"product_tag-usb-speicher","8":"product_tag-metallgehaeuse","9":"product_tag-32gb","10":"product_tag-memory-stick","11":"product_tag-windows","12":"product_tag-erweiterung","14":"first","15":"instock","16":"taxable","17":"shipping-taxable","18":"purchasable","19":"product-type-simple"},"_links":{"self":[{"href":"https:\/\/www.kaemsoft.de\/CMW\/wp-json\/wp\/v2\/product\/1780","targetHints":{"allow":["GET"]}}],"collection":[{"href":"https:\/\/www.kaemsoft.de\/CMW\/wp-json\/wp\/v2\/product"}],"about":[{"href":"https:\/\/www.kaemsoft.de\/CMW\/wp-json\/wp\/v2\/types\/product"}],"replies":[{"embeddable":true,"href":"https:\/\/www.kaemsoft.de\/CMW\/wp-json\/wp\/v2\/comments?post=1780"}],"wp:featuredmedia":[{"embeddable":true,"href":"https:\/\/www.kaemsoft.de\/CMW\/wp-json\/wp\/v2\/media\/1781"}],"wp:attachment":[{"href":"https:\/\/www.kaemsoft.de\/CMW\/wp-json\/wp\/v2\/media?parent=1780"}],"wp:term":[{"taxonomy":"product_brand","embeddable":true,"href":"https:\/\/www.kaemsoft.de\/CMW\/wp-json\/wp\/v2\/product_brand?post=1780"},{"taxonomy":"product_cat","embeddable":true,"href":"https:\/\/www.kaemsoft.de\/CMW\/wp-json\/wp\/v2\/product_cat?post=1780"},{"taxonomy":"product_tag","embeddable":true,"href":"https:\/\/www.kaemsoft.de\/CMW\/wp-json\/wp\/v2\/product_tag?post=1780"}],"curies":[{"name":"wp","href":"https:\/\/api.w.org\/{rel}","templated":true}]}}