{"id":1298,"date":"2018-06-23T18:33:42","date_gmt":"2018-06-23T16:33:42","guid":{"rendered":"https:\/\/www.kaemsoft.de\/CMW\/?post_type=product&#038;p=1298"},"modified":"2024-12-18T07:28:01","modified_gmt":"2024-12-18T06:28:01","slug":"etiketten-fuer-brandmelder-vpe20","status":"publish","type":"product","link":"https:\/\/www.kaemsoft.de\/CMW\/produkt\/etiketten-fuer-brandmelder-vpe20\/","title":{"rendered":"Zetwin Klebeetiketten f\u00fcr Brandmelder VPE:20"},"content":{"rendered":"<p>Klebeetiketten f\u00fcr Brandmelder, Kunststofffolie, selbstklebend, wei\u00df, matt, empfohlen wird die Bedruckung mit Laserdrucker<\/p>\n<p>VPE: 20 St\u00fcck DIN A4 Bogen je 66 Etiketten passend zum Etiketten Druck f\u00fcr Brandmelder mit Zetwin ab Version 4.7.1<\/p>\n","protected":false},"excerpt":{"rendered":"<p>Klebeetiketten f\u00fcr Brandmelder, Kunststofffolie, selbstklebend, wei\u00df, matt, empfohlen wird die Bedruckung mit Laserdrucker VPE: 20 St\u00fcck DIN A4 Bogen je 66 Etiketten passend zum Etiketten Druck f\u00fcr Brandmelder mit Zetwin ab Version 4.7.1<\/p>\n","protected":false},"featured_media":1303,"comment_status":"open","ping_status":"closed","template":"","meta":[],"product_brand":[],"product_cat":[75],"product_tag":[],"class_list":{"0":"post-1298","1":"product","2":"type-product","3":"status-publish","4":"has-post-thumbnail","6":"product_cat-drucksachen","8":"first","9":"outofstock","10":"taxable","11":"shipping-taxable","12":"purchasable","13":"product-type-simple"},"_links":{"self":[{"href":"https:\/\/www.kaemsoft.de\/CMW\/wp-json\/wp\/v2\/product\/1298","targetHints":{"allow":["GET"]}}],"collection":[{"href":"https:\/\/www.kaemsoft.de\/CMW\/wp-json\/wp\/v2\/product"}],"about":[{"href":"https:\/\/www.kaemsoft.de\/CMW\/wp-json\/wp\/v2\/types\/product"}],"replies":[{"embeddable":true,"href":"https:\/\/www.kaemsoft.de\/CMW\/wp-json\/wp\/v2\/comments?post=1298"}],"wp:featuredmedia":[{"embeddable":true,"href":"https:\/\/www.kaemsoft.de\/CMW\/wp-json\/wp\/v2\/media\/1303"}],"wp:attachment":[{"href":"https:\/\/www.kaemsoft.de\/CMW\/wp-json\/wp\/v2\/media?parent=1298"}],"wp:term":[{"taxonomy":"product_brand","embeddable":true,"href":"https:\/\/www.kaemsoft.de\/CMW\/wp-json\/wp\/v2\/product_brand?post=1298"},{"taxonomy":"product_cat","embeddable":true,"href":"https:\/\/www.kaemsoft.de\/CMW\/wp-json\/wp\/v2\/product_cat?post=1298"},{"taxonomy":"product_tag","embeddable":true,"href":"https:\/\/www.kaemsoft.de\/CMW\/wp-json\/wp\/v2\/product_tag?post=1298"}],"curies":[{"name":"wp","href":"https:\/\/api.w.org\/{rel}","templated":true}]}}