{"id":1279,"date":"2018-06-22T17:48:51","date_gmt":"2018-06-22T15:48:51","guid":{"rendered":"https:\/\/www.kaemsoft.de\/CMW\/?post_type=product&#038;p=1279"},"modified":"2023-01-03T14:56:09","modified_gmt":"2023-01-03T13:56:09","slug":"melder-etiketten-vpe5","status":"publish","type":"product","link":"https:\/\/www.kaemsoft.de\/CMW\/produkt\/melder-etiketten-vpe5\/","title":{"rendered":"Zetwin Klebeetiketten f\u00fcr Brandmelder VPE:5"},"content":{"rendered":"<p>Klebeetiketten f\u00fcr Brandmelder, Kunststofffolie, selbstklebend, wei\u00df, matt, empfohlen wird die Bedruckung mit Laserdrucker<\/p>\n<p>VPE: 5 St\u00fcck DIN A4 Bogen je 66 Etiketten passend zum Etiketten Druck f\u00fcr Brandmelder mit Zetwin ab Version 4.7.1<\/p>\n","protected":false},"excerpt":{"rendered":"<p>Klebeetiketten f\u00fcr Brandmelder, Kunststofffolie, selbstklebend, wei\u00df, matt, empfohlen wird die Bedruckung mit Laserdrucker VPE: 5 St\u00fcck DIN A4 Bogen je 66 Etiketten passend zum Etiketten Druck f\u00fcr Brandmelder mit Zetwin ab Version 4.7.1<\/p>\n","protected":false},"featured_media":1303,"comment_status":"open","ping_status":"closed","template":"","meta":[],"product_brand":[],"product_cat":[75],"product_tag":[],"class_list":{"0":"post-1279","1":"product","2":"type-product","3":"status-publish","4":"has-post-thumbnail","6":"product_cat-drucksachen","8":"first","9":"outofstock","10":"taxable","11":"shipping-taxable","12":"purchasable","13":"product-type-simple"},"_links":{"self":[{"href":"https:\/\/www.kaemsoft.de\/CMW\/wp-json\/wp\/v2\/product\/1279","targetHints":{"allow":["GET"]}}],"collection":[{"href":"https:\/\/www.kaemsoft.de\/CMW\/wp-json\/wp\/v2\/product"}],"about":[{"href":"https:\/\/www.kaemsoft.de\/CMW\/wp-json\/wp\/v2\/types\/product"}],"replies":[{"embeddable":true,"href":"https:\/\/www.kaemsoft.de\/CMW\/wp-json\/wp\/v2\/comments?post=1279"}],"wp:featuredmedia":[{"embeddable":true,"href":"https:\/\/www.kaemsoft.de\/CMW\/wp-json\/wp\/v2\/media\/1303"}],"wp:attachment":[{"href":"https:\/\/www.kaemsoft.de\/CMW\/wp-json\/wp\/v2\/media?parent=1279"}],"wp:term":[{"taxonomy":"product_brand","embeddable":true,"href":"https:\/\/www.kaemsoft.de\/CMW\/wp-json\/wp\/v2\/product_brand?post=1279"},{"taxonomy":"product_cat","embeddable":true,"href":"https:\/\/www.kaemsoft.de\/CMW\/wp-json\/wp\/v2\/product_cat?post=1279"},{"taxonomy":"product_tag","embeddable":true,"href":"https:\/\/www.kaemsoft.de\/CMW\/wp-json\/wp\/v2\/product_tag?post=1279"}],"curies":[{"name":"wp","href":"https:\/\/api.w.org\/{rel}","templated":true}]}}