{"id":896,"date":"2018-01-11T07:51:55","date_gmt":"2018-01-11T06:51:55","guid":{"rendered":"http:\/\/www.kaemsoft.de\/CMW\/?page_id=896"},"modified":"2018-01-13T19:36:57","modified_gmt":"2018-01-13T18:36:57","slug":"wasserzeichen","status":"publish","type":"page","link":"https:\/\/www.kaemsoft.de\/CMW\/wasserzeichen\/","title":{"rendered":"Wasserzeichen"},"content":{"rendered":"<div data-label=\"Overlappable\" data-id=\"overlappable-1\" data-export-id=\"overlappable-1\" data-category=\"overlappable\" class=\"overlappable-1 content-section content-section-spacing\" data-overlap=\"true\" id=\"overlappable-1\" style=\"background-color: #ffffff;\">\r\n<div class=\"gridContainer\">\r\n<div data-type=\"row\" class=\"row shadow-medium flex-grow content-center-sm\">\r\n<div data-type=\"column\" class=\"col-xs-12 col-sm-4 bg-color6 col-padding col-padding-small-xs inverted\">\r\n\r\n<img decoding=\"async\" class=\"custom-image\" src=\"https:\/\/www.kaemsoft.de\/CMW\/wp-content\/uploads\/2015\/06\/cropped-Options_Watermark.jpg\" \/>\r\n<p class=\"\" style=\"text-align: center;\"><div class=\"ptsTableFrontedShell\">\r\n\t<!-- Style to display all tables correct-->\r\n\t<!-- this block will be remove in frontend.tables.editor.block.base after init -->\r\n\t<div class=\"ptsPreDisplayStyle\">\r\n\t\t<style>\r\n\t\t\t.ptsBlock {\r\n\t\t\t\topacity: 0;\r\n\t\t\t\tvisibility: hidden;\r\n\t\t\t}\r\n\t\t<\/style>\r\n\t<\/div>\r\n\t<div id=\"ptsBlock_35365\" data-original-id=\"3\" class=\"ptsBlock \" data-id=\"15\">\n\t\t\t<style type=\"text\/css\" class=\"ptsBlockStyle\">#ptsBlock_35365 {  width:100%;}\n#ptsBlock_35365 .ptsCol {  \t\twidth:50%;  transition: box-shadow 0.25 ease 0;\n}\n#ptsBlock_35365 .ptsColHeader,\n#ptsBlock_35365 .ptsColDesc {\n\tpadding: 10px;\n}\n#ptsBlock_35365 p {\n\tmargin: 0;\n}\n#ptsBlock_35365 .ptsCell,\n#ptsBlock_35365 .ptsColFooter {\n\tpadding: 10px 0;\n}\n#ptsBlock_35365 .ptsColHeader {\n\tbackground-color:#383838; \/* background color for non-css3 browsers *\/\n\t\/* gradient *\/\n  background-image: linear-gradient(top,#424242,#2b2b2b); \/* W3C *\/\n\tfilter: progid:DXImageTransform.Microsoft.gradient(startColorstr='#424242', endColorstr='#2b2b2b'); \/* IE5.5 - 7 *\/\n\t-ms-filter: progid:DXImageTransform.Microsoft.gradient(startColorstr='#424242', endColorstr='#2b2b2b'); \/* IE8 *\/\n\tbackground: -ms-linear-gradient(top,#424242,#2b2b2b); \/* IE9 *\/\n  background: -moz-linear-gradient(top,#424242,#2b2b2b); \/* Firefox *\/ \n\tbackground: -o-linear-gradient(top,#424242,#2b2b2b); \/* Opera 11  *\/\n\tbackground: -webkit-linear-gradient(top,#424242,#2b2b2b); \/* Chrome 11  *\/\n\tbackground: -webkit-gradient(linear, left top, left bottom, color-stop(0,#424242), color-stop(1,#2b2b2b)); \/* Chrome 10, Safari *\/\n  \n  \tborder-bottom: 1px solid#1a1a1a;\n}\n#ptsBlock_35365 .ptsColDesc {\n\tbackground-color:#383838; \/* background color for non-css3 browsers *\/\n\t\/* gradient *\/\n  background-image: linear-gradient(top,#333333,#1a1a1a); \/* W3C *\/\n\tfilter: progid:DXImageTransform.Microsoft.gradient(startColorstr='#333333', endColorstr='#1a1a1a'); \/* IE5.5 - 7 *\/\n\t-ms-filter: progid:DXImageTransform.Microsoft.gradient(startColorstr='#333333', endColorstr='#1a1a1a'); \/* IE8 *\/\n\tbackground: -ms-linear-gradient(top,#333333,#1a1a1a); \/* IE9 *\/\n  background: -moz-linear-gradient(top,#333333,#1a1a1a); \/* Firefox *\/ \n\tbackground: -o-linear-gradient(top,#333333,#1a1a1a); \/* Opera 11  *\/\n\tbackground: -webkit-linear-gradient(top,#333333,#1a1a1a); \/* Chrome 11  *\/\n\tbackground: -webkit-gradient(linear, left top, left bottom, color-stop(0,#333333), color-stop(1,#1a1a1a)); \/* Chrome 10, Safari *\/\n  \n  \tborder-top: 1px solid#474747;\n}\n#ptsBlock_35365 .ptsCell:nth-child(odd) {\n\tbackground-color:#e7e7e7;\n}\n#ptsBlock_35365 .ptsCell:nth-child(even) {\n\tbackground-color:#ffffff;\n}\n#ptsBlock_35365 .ptsCol:nth-child(odd) .ptsCell:nth-child(odd) {\n\tbackground-color:#d3d3d3;\n}\n#ptsBlock_35365 .ptsCol:nth-child(odd) .ptsCell:nth-child(even) {\n\tbackground-color:#e7e7e7;\n}\n#ptsBlock_35365 .ptsColFooter {\n \tbackground-color:#c4c4c4; \/* background color for non-css3 browsers *\/\n\t\/* gradient *\/\n\tbackground-image: linear-gradient(top,#e2e2e2,#a6a6a6); \/* W3C *\/\n\tfilter: progid:DXImageTransform.Microsoft.gradient(startColorstr='#e2e2e2', endColorstr='#a6a6a6'); \/* IE5.5 - 7 *\/\n\t-ms-filter: progid:DXImageTransform.Microsoft.gradient(startColorstr='#e2e2e2', endColorstr='#a6a6a6'); \/* IE8 *\/\n\tbackground: -ms-linear-gradient(top,#e2e2e2,#a6a6a6); \/* IE9 *\/\n\tbackground: -moz-linear-gradient(top,#e2e2e2,#a6a6a6); \/* Firefox *\/ \n\tbackground: -o-linear-gradient(top,#e2e2e2,#a6a6a6); \/* Opera 11  *\/\n\tbackground: -webkit-linear-gradient(top,#e2e2e2,#a6a6a6); \/* Chrome 11  *\/\n\tbackground: -webkit-gradient(linear, left top, left bottom, color-stop(0,#e2e2e2), color-stop(1,#a6a6a6)); \/* Chrome 10, Safari *\/\n  \n\tborder-top: 1px solid#d3d3d3;\n}\n#ptsBlock_35365 .ptsActBtn:hover {\n\t background-color:#b0b0b0; \/* background color for non-css3 browsers *\/\n\t\/* gradient *\/\n\tbackground-image: linear-gradient(top,#cecece,#929292); \/* W3C *\/\n\tfilter: progid:DXImageTransform.Microsoft.gradient(startColorstr='#cecece', endColorstr='#929292'); \/* IE5.5 - 7 *\/\n\t-ms-filter: progid:DXImageTransform.Microsoft.gradient(startColorstr='#cecece', endColorstr='#929292'); \/* IE8 *\/\n\tbackground: -ms-linear-gradient(top,#cecece,#929292); \/* IE9 *\/\n\tbackground: -moz-linear-gradient(top,#cecece,#929292); \/* Firefox *\/ \n\tbackground: -o-linear-gradient(top,#cecece,#929292); \/* Opera 11  *\/\n\tbackground: -webkit-linear-gradient(top,#cecece,#929292); \/* Chrome 11  *\/\n\tbackground: -webkit-gradient(linear, left top, left bottom, color-stop(0,#cecece), color-stop(1,#929292)); \/* Chrome 10, Safari *\/\n}\n#ptsBlock_35365 .ptsActBtn {\n\tdisplay: inline-block;\n  \tpadding: 4px 20px;\n  \tborder: 1px solid#979797;\n  \twidth: 80%;\n  \tborder-radius: 3px;\n}\n\n#ptsBlock_35365 .ptsActBtn .ptsEditArea {\n\tcolor: #444;\n  \tfont-size: 10pt; \n  \tfont-weight: bold;\n  \ttext-decoration: none !important;\n  \tborder: none !important;\n\twidth: 100%;\n}\n#ptsBlock_35365 .ptsCol:first-of-type .ptsColHeader {\n\tborder-top-left-radius: 5px;\n}\n#ptsBlock_35365 .ptsCol:last-of-type .ptsColHeader {\n\tborder-top-right-radius: 5px;\n}\n#ptsBlock_35365 .ptsCol:first-of-type .ptsColFooter {\n\tborder-bottom-left-radius: 5px;\n}\n#ptsBlock_35365 .ptsCol:last-of-type .ptsColFooter {\n\tborder-bottom-right-radius: 5px;\n}\n#ptsBlock_35365 .ptsColFooter a {\n\tcolor: #444444;\n  \ttext-decoration: none !important;\n}\n#ptsBlock_35365 .ptsTableDescCol {}\n#ptsBlock_35365 .ptsCol .ptsTableElementContent,\n#ptsBlock_35365 .ptsCol .ptsTableElementContent span {\n\ttransition: box-shadow 0.3s ease, margin 0.3s ease, font 0.3s ease;\n  \t-webkit-transition: box-shadow 0.3s ease, margin 0.3s ease, font 0.3s ease;\n    -moz-transition: box-shadow 0.3s ease, margin 0.3s ease, font 0.3s ease;\n    -ms-transition: box-shadow 0.3s ease, margin 0.3s ease, font 0.3s ease;\n    -o-transition: box-shadow 0.3s ease, margin 0.3s ease, font 0.3s ease;\n}\n#ptsBlock_35365 .ptsCol.hover .ptsTableElementContent {\n\tz-index: 101;\n  \tbox-shadow: 5px 0 30px rgba(0, 0, 0, 0.5);\n  \t-webkit-box-shadow: 5px 0 30px rgba(0, 0, 0, 0.5);\n\t-moz-box-shadow: 5px 0 30px rgba(0, 0, 0, 0.5);\n\tmargin-top: -20px;\n}\n#ptsBlock_35365 .ptsCol.hover .ptsColHeader {\n\tborder-top-left-radius: 5px;\n  \tborder-top-right-radius: 5px;\n}\n#ptsBlock_35365 .ptsCol.hover .ptsColFooter {\n\tborder-bottom-left-radius: 5px;\n  \tborder-bottom-right-radius: 5px;\n}\n\/*Colors set*\/\n#ptsBlock_35365 .ptsCol .ptsColHeader {\n  \tcolor:#808080;\n}\n#ptsBlock_35365 .ptsCol .ptsColDesc {\n  \tcolor:#808080;\n}\n#ptsBlock_35365 .ptsCol .ptsRows {\n  \tcolor:#000;\n}\n<\/style>\n\t\t\t\t<div class=\"ptsBlockContent\"><div class=\"ptsContainer\">\n\t<div class=\"ptsColsWrapper ui-sortable\">\n\t\t\t\t<div class=\"ptsEl ptsCol ptsCol-0 ptsTableDescCol ptsElWithArea\" data-el=\"table_col_desc\" data-color=\"#424242\" style=\"width: 50%;\">\n\t\t\t<div class=\"ptsTableElementContent ptsElArea\">\n\t\t\t\t<div class=\"ptsColHeader ptsCell\" style=\"height: 39px;\">\n\t\t\t\t\t<div class=\"ptsEl\" data-el=\"table_cell_txt\" data-type=\"txt\" style=\"\"><p><br><\/p><\/div>\n\t\t\t\t<\/div>\n\t\t\t\t<div class=\"ptsColDesc\" style=\"height: 50px;\">\n\t\t\t\t\t<div class=\"ptsEl\" data-el=\"table_cell_txt\" data-type=\"txt\" style=\"\"><p><br><\/p><\/div>\n\t\t\t\t<\/div>\n\t\t\t\t<div class=\"ptsRows ui-sortable\" style=\"height: auto;\">\n\t\t\t\t\t<div class=\"ptsCell\" style=\"height: 49px;\">\n\t\t\t\t\t\t<div class=\"ptsEl\" data-el=\"table_cell_txt\" data-type=\"txt\" style=\"\"><p><strong><span style=\"font-size: 18pt;\" data-mce-style=\"font-size: 18pt;\">1.<\/span><\/strong><\/p><\/div>\n\t\t\t\t\t<\/div>\n\t\t\t\t\t<div class=\"ptsCell\" style=\"height: 49px;\">\n\t\t\t\t\t\t<div class=\"ptsEl\" data-el=\"table_cell_txt\" data-type=\"txt\" style=\"\"><p><strong><span style=\"font-size: 18pt;\" data-mce-style=\"font-size: 18pt;\">2.<\/span><\/strong><\/p><\/div>\n\t\t\t\t\t<\/div>\n\t\t\t\t\t<div class=\"ptsCell\" style=\"height: 49px;\">\n\t\t\t\t\t\t<div class=\"ptsEl\" data-el=\"table_cell_txt\" data-type=\"txt\" style=\"\"><p><strong><span style=\"font-size: 18pt;\" data-mce-style=\"font-size: 18pt;\">3.<\/span><\/strong><\/p><\/div>\n\t\t\t\t\t<\/div>\n\t\t\t\t\t\n\t\t\t\t\t\n\t\t\t\t<\/div>\n\t\t\t\t<div class=\"ptsColFooter\" style=\"height: 21px;\"><\/div>\n\t\t\t<\/div>\n\t\t<\/div>\n\t\t\t\t<div class=\"ptsEl ptsCol ptsElWithArea ptsCol-1\" data-el=\"table_col\" data-color=\"#424242\" style=\"height: auto; width: 50%;\">\n\t\t\t<div class=\"ptsTableElementContent ptsElArea\">\n\t\t\t\t<div class=\"ptsColHeader ptsCell\" style=\"height: 39px;\">\n\t\t\t\t\t<div class=\"ptsEl\" data-el=\"table_cell_txt\" data-type=\"txt\" style=\"\"><p><br><\/p><\/div>\n\t\t\t\t<\/div>\n\t\t\t\t<div class=\"ptsColDesc\" style=\"height: 50px;\">\n\t\t\t\t\t<div class=\"ptsEl\" data-el=\"table_cell_txt\" data-type=\"txt\" style=\"\"><p><strong><span style=\"font-size: 18pt;\" data-mce-style=\"font-size: 18pt;\">Beschreibung<\/span><\/strong><br><\/p><\/div>\n\t\t\t\t<\/div>\n\t\t\t\t<div class=\"ptsRows ui-sortable\" style=\"height: auto;\">\n\t\t\t\t\t<div class=\"ptsCell\" style=\"height: 49px;\">\n\t\t\t\t\t\t<div class=\"ptsEl\" data-el=\"table_cell_txt\" data-type=\"txt\" style=\"\"><p><span style=\" font-size: 12pt;\" data-mce-style=\"font-size: 12pt;\">Klicke auf diese Schaltfl\u00e4che um die Grafikdatei f\u00fcr das Wasserzeichen zu w\u00e4hlen.(z.B. Dein Logo)<\/span><\/p><\/div>\n\t\t\t\t\t<\/div>\n\t\t\t\t\t<div class=\"ptsCell\" style=\"height: 49px;\">\n\t\t\t\t\t\t<div class=\"ptsEl\" data-el=\"table_cell_txt\" data-type=\"txt\" style=\"\"><p><span style=\" font-size: 12pt;\" data-mce-style=\"font-size: 12pt;\">Hier kann der der Transparenzwert der Wasserzeichengrafik eingestellt werden.<\/span><\/p><\/div>\n\t\t\t\t\t<\/div>\n\t\t\t\t\t<div class=\"ptsCell\" style=\"height: 49px;\">\n\t\t\t\t\t\t<div class=\"ptsEl\" data-el=\"table_cell_txt\" data-type=\"txt\" style=\"\"><p><span style=\" font-size: 12pt;\" data-mce-style=\"font-size: 12pt;\">W\u00e4hle hier die Position in der sp\u00e4teren Aufnahme, an der das Wasserzeichen eingef\u00fcgt werden soll<\/span><\/p><\/div>\n\t\t\t\t\t<\/div>\n\t\t\t\t\t\n\t\t\t\t\t\n\t\t\t\t<\/div>\n\t\t\t\t<div class=\"ptsColFooter\" style=\"height: 21px;\">\n\t\t\t\t\t\n\t\t\t\t<\/div>\n\t\t\t<\/div>\n\t\t<\/div>\n\t\t\n\t\t\n\t\t\n\t<\/div>\n\t<div style=\"clear: both;\"><\/div>\n<\/div><\/div>\n\t\t<a title=\"WordPress Pricing Table\" style=\"display:none;\" href=\"https:\/\/supsystic.com\/plugins\/pricing-tables\/?utm_medium=love_link_hide\" target=\"_blank\">WordPress Pricing Table<\/a><div style=\"clear: both;\"><\/div><\/div>\n<\/div>\r\n<\/p>\r\n\r\n<\/div>\r\n<\/div>\r\n<\/div>\r\n<\/div>","protected":false},"excerpt":{"rendered":"","protected":false},"author":1,"featured_media":0,"parent":0,"menu_order":0,"comment_status":"closed","ping_status":"closed","template":"page-templates\/page-with-left-sidebar.php","meta":{"footnotes":""},"class_list":["post-896","page","type-page","status-publish","hentry"],"_links":{"self":[{"href":"https:\/\/www.kaemsoft.de\/CMW\/wp-json\/wp\/v2\/pages\/896","targetHints":{"allow":["GET"]}}],"collection":[{"href":"https:\/\/www.kaemsoft.de\/CMW\/wp-json\/wp\/v2\/pages"}],"about":[{"href":"https:\/\/www.kaemsoft.de\/CMW\/wp-json\/wp\/v2\/types\/page"}],"author":[{"embeddable":true,"href":"https:\/\/www.kaemsoft.de\/CMW\/wp-json\/wp\/v2\/users\/1"}],"replies":[{"embeddable":true,"href":"https:\/\/www.kaemsoft.de\/CMW\/wp-json\/wp\/v2\/comments?post=896"}],"version-history":[{"count":3,"href":"https:\/\/www.kaemsoft.de\/CMW\/wp-json\/wp\/v2\/pages\/896\/revisions"}],"predecessor-version":[{"id":903,"href":"https:\/\/www.kaemsoft.de\/CMW\/wp-json\/wp\/v2\/pages\/896\/revisions\/903"}],"wp:attachment":[{"href":"https:\/\/www.kaemsoft.de\/CMW\/wp-json\/wp\/v2\/media?parent=896"}],"curies":[{"name":"wp","href":"https:\/\/api.w.org\/{rel}","templated":true}]}}