{"id":846,"date":"2018-01-10T11:19:56","date_gmt":"2018-01-10T10:19:56","guid":{"rendered":"http:\/\/www.kaemsoft.de\/CMW\/?page_id=846"},"modified":"2018-01-13T19:35:09","modified_gmt":"2018-01-13T18:35:09","slug":"videoaufnahme","status":"publish","type":"page","link":"https:\/\/www.kaemsoft.de\/CMW\/videoaufnahme\/","title":{"rendered":"Videoaufnahme"},"content":{"rendered":"<div data-label=\"About\" data-id=\"about-10\" data-export-id=\"about-10\" data-category=\"about\" class=\"about-10 content-section content-section-spacing\" id=\"about-2\" style=\"background-color: #ffffff;\">\r\n<div class=\"gridContainer\">\r\n<div class=\"row middle-sm text-center\">\r\n<div class=\"col-sm-5 space-bottom-xs content-column\" data-type=\"column\">\r\n<h2 class=\"\">Bildschirmvideo aufnehmen<\/h2>\r\n<div style=\"text-align: left;\">Mit Screeny Professional k\u00f6nnen Bildschirm Video&#8217;s (wahlweise mit Ton z.B. \u00fcber Mikrofon) aufgenommen werden und in verschiedenen Formaten abgespeichert werden. Es werden folgende Formate unterst\u00fctzt:<\/div>\r\n<div style=\"text-align: left;\"><\/div>\r\n<div style=\"text-align: left;\">\r\n<ul>\r\n \t<li>AVI (wahlweise mit Kompression (Audio\/Video)<\/li>\r\n \t<li>WMV<\/li>\r\n \t<li>SWF (Einstellbare Bitrate)<\/li>\r\n \t<li>FLV (Einstellbare Bitrate)<\/li>\r\n<\/ul>\r\n<\/div>\r\n<h4 style=\"text-align: left;\">Weitere Optionen:<\/h4>\r\n<div style=\"text-align: left;\">\r\n<ul>\r\n \t<li>Mauszeiger Aufnehmen<\/li>\r\n \t<li>Spot oder Kreis um Mauszeiger anzeigen<\/li>\r\n \t<li>Einstellbare Framerate (1-30 Bilder\/s)<\/li>\r\n \t<li>Einstellbare Bitrate<\/li>\r\n<\/ul>\r\n<\/div>\r\n<div style=\"text-align: left;\">Die Videoaufnahme wird mit dem festgelegten Hotkey gestartet. Bet\u00e4tigen Sie die PAUSE Taste auf Ihrer Tastatur, um die Videoaufnahme zu pausieren. Ein erneutes Bet\u00e4tigen der Pause Taste f\u00fchrt die Aufnahme fort. Beendet wird die Aufnahme mit erneutem bet\u00e4tigen des Hotkey oder der Escape Taset, oder der Aufnahmeschaltfl\u00e4che. Das Video wird im definierten Ausgabeverzeichnis gespeichert, und kann wie Bildaufnahmen per Drag &amp; Drop in andere Anwendungen gezogen werden<\/div>\r\n<\/div>\r\n<div class=\"col-sm-7 flexbox middle-xs center-xs\">\r\n<div class=\"overlay-box middle-xs center-xs flexbox\">\r\n<div class=\"overlay-box-offset offset-border shadow-medium border-color1 hide-xs\" style=\"text-align: left;\"><\/div>\r\n<p style=\"text-align: left;\"><img decoding=\"async\" class=\"shadow-large\" data-size=\"500x500\" src=\"https:\/\/www.kaemsoft.de\/CMW\/wp-content\/uploads\/2014\/09\/cropped-Screeny_main_1-1.jpg\" \/><\/p>\r\n\r\n<\/div>\r\n<\/div>\r\n<\/div>\r\n<\/div>\r\n<\/div>","protected":false},"excerpt":{"rendered":"<p>Bildschirmvideo aufnehmen Mit Screeny Professional k\u00f6nnen Bildschirm Video&#8217;s (wahlweise mit Ton z.B. \u00fcber Mikrofon) aufgenommen werden und in verschiedenen Formaten abgespeichert werden. Es werden folgende Formate unterst\u00fctzt: AVI (wahlweise mit Kompression (Audio\/Video) WMV SWF (Einstellbare Bitrate) FLV (Einstellbare Bitrate) Weitere Optionen: Mauszeiger Aufnehmen Spot oder Kreis um Mauszeiger anzeigen Einstellbare Framerate (1-30 Bilder\/s) Einstellbare Bitrate&hellip; <br \/> <a class=\"read-more\" href=\"https:\/\/www.kaemsoft.de\/CMW\/videoaufnahme\/\">Weiterlesen<\/a><\/p>\n","protected":false},"author":1,"featured_media":0,"parent":0,"menu_order":0,"comment_status":"closed","ping_status":"closed","template":"page-templates\/page-with-left-sidebar.php","meta":{"footnotes":""},"class_list":["post-846","page","type-page","status-publish","hentry"],"_links":{"self":[{"href":"https:\/\/www.kaemsoft.de\/CMW\/wp-json\/wp\/v2\/pages\/846","targetHints":{"allow":["GET"]}}],"collection":[{"href":"https:\/\/www.kaemsoft.de\/CMW\/wp-json\/wp\/v2\/pages"}],"about":[{"href":"https:\/\/www.kaemsoft.de\/CMW\/wp-json\/wp\/v2\/types\/page"}],"author":[{"embeddable":true,"href":"https:\/\/www.kaemsoft.de\/CMW\/wp-json\/wp\/v2\/users\/1"}],"replies":[{"embeddable":true,"href":"https:\/\/www.kaemsoft.de\/CMW\/wp-json\/wp\/v2\/comments?post=846"}],"version-history":[{"count":5,"href":"https:\/\/www.kaemsoft.de\/CMW\/wp-json\/wp\/v2\/pages\/846\/revisions"}],"predecessor-version":[{"id":855,"href":"https:\/\/www.kaemsoft.de\/CMW\/wp-json\/wp\/v2\/pages\/846\/revisions\/855"}],"wp:attachment":[{"href":"https:\/\/www.kaemsoft.de\/CMW\/wp-json\/wp\/v2\/media?parent=846"}],"curies":[{"name":"wp","href":"https:\/\/api.w.org\/{rel}","templated":true}]}}