{"id":719,"date":"2018-01-08T10:08:28","date_gmt":"2018-01-08T09:08:28","guid":{"rendered":"http:\/\/www.kaemsoft.de\/CMW\/?page_id=719"},"modified":"2020-09-21T17:51:37","modified_gmt":"2020-09-21T15:51:37","slug":"ausgabeoptionen","status":"publish","type":"page","link":"https:\/\/www.kaemsoft.de\/CMW\/ausgabeoptionen\/","title":{"rendered":"Ausgabeoptionen"},"content":{"rendered":"<div  data-label=\"Features\" data-id=\"features-13\" data-export-id=\"features-13\" data-category=\"features\" class=\"features-13 content-section content-section-spacing\" id=\"features-5\" style=\"background-color: #ffffff;\">\n<div  class=\"gridContainer\">\n<div  class=\"row text-center\">\n<div  class=\"section-title-col\" data-type=\"column\"><\/div>\n<\/div>\n<div  class=\"row spaced-cols\" data-type=\"row\">\n<div  class=\"col col-sm-6 space-bottom col-md-12\">\n\n<i  class=\"fa icon fa-bolt bordered round big color1\"> <\/i>\n<h4  class=\"\">Ausgabeeinstellungen<\/h4>\n<div  class=\"\">Jedes Makroprofil kann mit verschiedenen Ausgabeeinstellungen konfiguriert werden.<\/div>\n<div  class=\"\"><\/div>\n<div  class=\"\">Folgende Ausgabeeinstellungen sind m\u00f6glich:<\/div>\n<div  class=\"\"><\/div>\n<div  class=\"\">\n<ul >\n \t<li >Als Grafik Datei speichern<\/li>\n \t<li >Als PDF Datei speichern<\/li>\n \t<li >Auf Drucker ausgeben<\/li>\n \t<li >Auf FTP Server laden<\/li>\n \t<li >In MS Excel einf\u00fcgen<\/li>\n \t<li >In MS Word einf\u00fcgen<\/li>\n \t<li >In MS Power Point einf\u00fcgen<\/li>\n \t<li >In Mindmanager einf\u00fcgen<\/li>\n \t<li >In Standardanwendung \u00f6ffnen<\/li>\n \t<li >In Zwischenablage kopieren<\/li>\n<\/ul>\n<\/div>\n<div  class=\"\"><\/div>\n<div  class=\"\">Zus\u00e4tzlich kann jederzeit die aktuelle Aufnahme per Drag \u201aN Drop in jede beliebige Anwendung eingef\u00fcgt werden, die Drag &amp; Drop unterst\u00fctzt.<\/div>\n<p  class=\"lead\"><span style=\"font-weight: 400; font-family: Muli, arial, helvetica, sans-serif;\" >Makro Einstellungen und Ausgabeverzeichnis<\/span><\/p><img decoding=\"async\"  class=\"custom-image\" src=\"https:\/\/www.kaemsoft.de\/CMW\/wp-content\/uploads\/2020\/09\/cropped-Makro_settings-1.png\" alt=\"\" title=\"cropped-Makro_settings-1.png\"><p  class=\"\">1. Aktuelles Makro auf Standardwerte zur\u00fccksetzen\n<br >2. Makro l\u00f6schen oder neues Makro erstellen<br >3. Makro Einstellungen aufrufen\n<br >4. Makrobereich ein\/ausblenden\n<br >5. Ausgabeverzeichnis w\u00e4hlen<\/p><\/div>\n<\/div>\n<\/div>\n<\/div>","protected":false},"excerpt":{"rendered":"<p>Ausgabeeinstellungen Jedes Makroprofil kann mit verschiedenen Ausgabeeinstellungen konfiguriert werden. Folgende Ausgabeeinstellungen sind m\u00f6glich: Als Grafik Datei speichern Als PDF Datei speichern Auf Drucker ausgeben Auf FTP Server laden In MS Excel einf\u00fcgen In MS Word einf\u00fcgen In MS Power Point einf\u00fcgen In Mindmanager einf\u00fcgen In Standardanwendung \u00f6ffnen In Zwischenablage kopieren Zus\u00e4tzlich kann jederzeit die aktuelle&hellip; <br \/> <a class=\"read-more\" href=\"https:\/\/www.kaemsoft.de\/CMW\/ausgabeoptionen\/\">Weiterlesen<\/a><\/p>\n","protected":false},"author":1,"featured_media":0,"parent":0,"menu_order":0,"comment_status":"closed","ping_status":"closed","template":"page-templates\/page-with-left-sidebar.php","meta":{"footnotes":""},"class_list":["post-719","page","type-page","status-publish","hentry"],"_links":{"self":[{"href":"https:\/\/www.kaemsoft.de\/CMW\/wp-json\/wp\/v2\/pages\/719","targetHints":{"allow":["GET"]}}],"collection":[{"href":"https:\/\/www.kaemsoft.de\/CMW\/wp-json\/wp\/v2\/pages"}],"about":[{"href":"https:\/\/www.kaemsoft.de\/CMW\/wp-json\/wp\/v2\/types\/page"}],"author":[{"embeddable":true,"href":"https:\/\/www.kaemsoft.de\/CMW\/wp-json\/wp\/v2\/users\/1"}],"replies":[{"embeddable":true,"href":"https:\/\/www.kaemsoft.de\/CMW\/wp-json\/wp\/v2\/comments?post=719"}],"version-history":[{"count":7,"href":"https:\/\/www.kaemsoft.de\/CMW\/wp-json\/wp\/v2\/pages\/719\/revisions"}],"predecessor-version":[{"id":3922,"href":"https:\/\/www.kaemsoft.de\/CMW\/wp-json\/wp\/v2\/pages\/719\/revisions\/3922"}],"wp:attachment":[{"href":"https:\/\/www.kaemsoft.de\/CMW\/wp-json\/wp\/v2\/media?parent=719"}],"curies":[{"name":"wp","href":"https:\/\/api.w.org\/{rel}","templated":true}]}}