{"id":514,"date":"2018-01-07T11:01:46","date_gmt":"2018-01-07T10:01:46","guid":{"rendered":"http:\/\/www.kaemsoft.de\/CMW\/?page_id=514"},"modified":"2020-09-21T11:45:42","modified_gmt":"2020-09-21T09:45:42","slug":"support","status":"publish","type":"page","link":"https:\/\/www.kaemsoft.de\/CMW\/support\/","title":{"rendered":"Support"},"content":{"rendered":"<div  data-label=\"Overlappable\" data-id=\"overlappable--1\" data-export-id=\"overlappable-4\" data-category=\"overlappable\" class=\"overlappable-4 content-section content-section-spacing\" data-overlap=\"true\" id=\"overlappable-1\" style=\"background-color: rgb(255, 255, 255);\"><div  class=\"gridContainer\"> <div  data-type=\"row\" class=\"row spaced-cols text-center\"><div  class=\"col-xs-12 col-sm-4 col-padding\"> <a data-cp-link=\"1\" href=\"https:\/\/www.kaemsoft.de\/CMW\/faq\" target=\"_self\" rel=\"noopener noreferrer\"><i  class=\"fa icon shadow-large-black aligncenter fa-question-circle reverse round large color1\"><\/i><\/a> <div  data-type=\"column\" class=\"\"><h5  class=\"\">FAQ<\/h5> <p  class=\"\">Auf unserer FAQ Seite (<span  style=\"text-decoration: underline;\">F<\/span>requently <span  style=\"text-decoration: underline;\">A<\/span>sked <span  style=\"text-decoration: underline;\">Q<\/span>uestions) findest Du Antworten zu h\u00e4ufig gestellten Fragen in Verbindung mit unseren Produkten. Vielleicht findest Du dort schon eine Antwort auf Deine Frage?<\/p><\/div> <\/div><div  class=\"col-xs-12 col-sm-4 col-padding\"> <a data-cp-link=\"1\" href=\"https:\/\/www.kaemsoft.de\/CMW\/kontakt\" target=\"_self\" rel=\"noopener noreferrer\"><i  class=\"fa icon shadow-large-black aligncenter fa-envelope reverse round large color1\"><\/i><\/a> <div  data-type=\"column\" class=\"\"> <h5  class=\"\">E-Mail<\/h5> <p  class=\"\">Sende uns eine E-Mail mit Deinem Anliegen, wir melden uns schnellstm\u00f6glich!<\/p><\/div> <\/div>  <div  class=\"col-xs-12 col-sm-4 col-padding\"> <a data-cp-link=\"1\" href=\"https:\/\/www.kaemsoft.de\/CMW\/faq\" target=\"_self\" rel=\"noopener noreferrer\"><i  class=\"fa icon shadow-large-black aligncenter fa-ban reverse round large color1\"><\/i><\/a> <div  data-type=\"column\" class=\"\"><h5  class=\"\">Kein Telefon Support<\/h5> <p  class=\"\">Wir bitten um Dein Verst\u00e4ndnis, da\u00df wir keinen telefonischen Support geben k\u00f6nnen.<\/p><\/div> <\/div><\/div> <\/div><\/div>","protected":false},"excerpt":{"rendered":"<p>FAQ Auf unserer FAQ Seite (Frequently Asked Questions) findest Du Antworten zu h\u00e4ufig gestellten Fragen in Verbindung mit unseren Produkten. Vielleicht findest Du dort schon eine Antwort auf Deine Frage? E-Mail Sende uns eine E-Mail mit Deinem Anliegen, wir melden uns schnellstm\u00f6glich! Kein Telefon Support Wir bitten um Dein Verst\u00e4ndnis, da\u00df wir keinen telefonischen Support&hellip; <br \/> <a class=\"read-more\" href=\"https:\/\/www.kaemsoft.de\/CMW\/support\/\">Weiterlesen<\/a><\/p>\n","protected":false},"author":1,"featured_media":0,"parent":0,"menu_order":0,"comment_status":"closed","ping_status":"closed","template":"pro\/page-templates\/full-width-page.php","meta":{"footnotes":""},"class_list":["post-514","page","type-page","status-publish","hentry"],"_links":{"self":[{"href":"https:\/\/www.kaemsoft.de\/CMW\/wp-json\/wp\/v2\/pages\/514","targetHints":{"allow":["GET"]}}],"collection":[{"href":"https:\/\/www.kaemsoft.de\/CMW\/wp-json\/wp\/v2\/pages"}],"about":[{"href":"https:\/\/www.kaemsoft.de\/CMW\/wp-json\/wp\/v2\/types\/page"}],"author":[{"embeddable":true,"href":"https:\/\/www.kaemsoft.de\/CMW\/wp-json\/wp\/v2\/users\/1"}],"replies":[{"embeddable":true,"href":"https:\/\/www.kaemsoft.de\/CMW\/wp-json\/wp\/v2\/comments?post=514"}],"version-history":[{"count":3,"href":"https:\/\/www.kaemsoft.de\/CMW\/wp-json\/wp\/v2\/pages\/514\/revisions"}],"predecessor-version":[{"id":3906,"href":"https:\/\/www.kaemsoft.de\/CMW\/wp-json\/wp\/v2\/pages\/514\/revisions\/3906"}],"wp:attachment":[{"href":"https:\/\/www.kaemsoft.de\/CMW\/wp-json\/wp\/v2\/media?parent=514"}],"curies":[{"name":"wp","href":"https:\/\/api.w.org\/{rel}","templated":true}]}}