{"id":504,"date":"2018-01-07T10:50:14","date_gmt":"2018-01-07T09:50:14","guid":{"rendered":"http:\/\/www.kaemsoft.de\/CMW\/?page_id=504"},"modified":"2020-09-21T13:33:19","modified_gmt":"2020-09-21T11:33:19","slug":"screeny-hilfe","status":"publish","type":"page","link":"https:\/\/www.kaemsoft.de\/CMW\/screeny-hilfe\/","title":{"rendered":"Screeny Onlinehilfe"},"content":{"rendered":"<div  data-label=\"Content\" data-id=\"content-8\" data-export-id=\"content-8\" data-category=\"content\" class=\"content-8 content-section content-section-spacing\" id=\"content-20\" style=\"background-color: #ffffff;\">\n<div  class=\"gridContainer\">\n<div  class=\"row middle-sm\">\n<div  class=\"col-sm-6 space-bottom-xs\" data-type=\"column\"><img decoding=\"async\"  class=\"shadow-large\" src=\"https:\/\/www.kaemsoft.de\/CMW\/wp-content\/uploads\/2018\/01\/cropped-ScPro_Shop_500_500-2.jpg\"><\/div>\n<div  class=\"col-sm-6\" data-type=\"column\">\n<h2  class=\"\">Willkommen bei der Onlinehilfe zu Screeny<\/h2>\n<a class=\"link\" href=\"https:\/\/www.kaemsoft.de\/CMW\/login\" target=\"_self\" data-cp-link=\"1\" rel=\"noopener noreferrer\">Bitte registriere Dich kostenlos auf unserer Seite um die komplette Onlinehilfe nutzen zu k\u00f6nnen<\/a>\n<div  class=\"\"><\/div>\n<div  class=\"\">\n\nDiese Onlinehilfe thematisiert beide Versionen von Screeny (Freeware und Professional). Einige beschriebene Funktionen sind nur in der Professional Version verf\u00fcgbar!\n\nMit Screeny Professional nimmst Du Screenshots und Videos vom Bildschirm f\u00fcr Deine Dokumentationen, Produktkataloge, Pr\u00e4sentationen, oder Lehrvideos usw. in hervorragender Qualit\u00e4t auf.\n\n<\/div>\n<div  class=\"\"><\/div>\n<div  class=\"\">Dabei unterst\u00fctzt Dich Screeny Professional mit einem einfachen, sehr flexiblen Bedienkonzept, um Deine Aufgaben schneller zu l\u00f6sen.<\/div>\n<div  class=\"\"><\/div>\n<div  class=\"\">Durch die nahtlose Zusammenarbeit mit f\u00fchrenden Office Produkten, geht die Arbeit denkbar einfach von der Hand!<\/div>\n<div  class=\"\"><\/div>\n<div  class=\"\">Der integrierte Editor erm\u00f6glicht es noch vor der Weiterverarbeitung die Aufnahmen mit verschiedenen Zeichenwerkzeugen zu bearbeiten. Erg\u00e4nze Deine Aufnahmen mit Anmerkungen, Pfeile, Linien,Text usw. Die vielen weiteren Zeichenobjekten machen den Screeny Professional Editor zum Kreativwerkzeug. Du kannst Dein Werk als Editor Projekt speichern und zu einem sp\u00e4teren Zeitpunkt weiter bearbeiten, alle Objekte bleiben erhalten.<\/div>\n<\/div>\n<\/div>\n<\/div>\n<\/div><div  data-label=\"Features\" data-id=\"features-12\" data-export-id=\"features-12\" data-category=\"features\" class=\"features-12 content-section content-section-spacing \" id=\"features-1\" style=\"background-color: #f5fafd;\">\n<div  class=\"gridContainer\">\n<div  class=\"row text-center\">\n<div  class=\"section-title-col\" data-type=\"column\">\n<h2  class=\"\">Erster Start<\/h2>\n<p  class=\"lead\">Um schnell mit den umfangreichen M\u00f6glichkeiten von Screeny Professional umgehen zu k\u00f6nnen, ist Screeny Professional beim ersten Start mit einer Grundkonfiguration ausgestattet, mit der Du sofort loslegen kannst!<\/p>\n\n<\/div>\n<\/div>\n<div  class=\"row spaced-cols\" data-type=\"row\">\n<div  class=\"col-sm-6 col-md-12 \">\n<div  class=\"row space-bottom\">\n<div  class=\"col-sm-fit icon-column\"><i  class=\"fa icon fa-connectdevelop round bordered color2\"> <\/i><\/div>\n<div  class=\"col-sm\" data-type=\"column\">\n<h5  class=\"color2\">Makroprofile<\/h5>\n<div  class=\"\">In der Startkonfiguration sind 5 vorkonfigurierte Makroprofile die Du ggf. Deinen Bed\u00fcrfnissen anpassen kannst. Du kannst nat\u00fcrlich auch eigene Makroprofile erstellen, mit Deinen individuellen Einstellungen.<\/div>\n<div  class=\"\"><\/div>\n<div  class=\"\">In der Startkonfiguration ist die <span  style=\"font-weight: bold;\">Windows Druck Taste<\/span> als Hotkey f\u00fcr den Aufnahmestart konfiguriert. Dieser Hotkey ist f\u00fcr das jeweilig gew\u00e4hlte Makroprofil g\u00fcltig.<\/div>\n<div  class=\"\"><\/div>\n<div  class=\"\">Screeny Professional bietet Dir auch die M\u00f6glichkeit, f\u00fcr jedes Makroprofil einen eigenen Hotkey anzulegen.<\/div>\n<div  class=\"\"><\/div>\n<div  class=\"\">Es ist auch m\u00f6glich f\u00fcr jedes Makroprofil einen einen eigenen Hotkey zu definieren.<\/div>\n<div  class=\"\"><\/div>\n<div  class=\"\">Als Ausgabe ist in der Startkonfiguration \u201eDatei\u201c gew\u00e4hlt, d.h. Screeny Professional speichert die Aufnahme im Verzeichnis \u201eEigene Bilder\u201c als Grafik Datei ab.<\/div>\n<div  class=\"\"><\/div>\n<div  class=\"\">Jede Schaltfl\u00e4che zeigt beim \u00fcberfahren mit der Maus eine kurze Beschreibung an, wodurch die Oberfl\u00e4che weitgehend selbsterkl\u00e4rend ist.<\/div>\n<\/div>\n<\/div>\n<\/div>\n<\/div>\n<\/div>\n<\/div><div  data-label=\"Features\" data-id=\"features-16-card-bordered\" data-export-id=\"features-16-card-bordered\" data-category=\"features\" class=\"features-16-card-bordered content-section content-section-spacing\" id=\"features-10\" style=\"background-color: #ffffff;\">\n<div  class=\"gridContainer\">\n<div  class=\"row text-center\">\n<div  class=\"section-title-col\" data-type=\"column\">\n<p  class=\"\" style=\"text-align: left;\"><span  style=\"font-weight: bold;\">Hauptfenster<\/span><span  style=\"font-weight: bold;\"><\/span><\/p>\n<img decoding=\"async\"  class=\"custom-image\" src=\"https:\/\/www.kaemsoft.de\/CMW\/wp-content\/uploads\/2018\/01\/cropped-MainScreen4-2.jpg\" alt=\"\" title=\"cropped-MainScreen4-2.jpg\">\n<p  class=\"\" style=\"text-align: left;\">1. In diesem Bereich wird der Aufnahmemodus(Bild- oder Video) wie auch weitere Direkteinstellungen festgelegt\n\n<br ><br >\n\n2. Im Makrobereich sind die vorhandenen Makros des gew\u00e4hlten Modus zu finden. Makroprofil Schaltfl\u00e4che: In diesem Bereich sind alle konfigurierten Makroprofil Schaltfl\u00e4chen angeordnet. Klicke mit der Maus auf die gew\u00fcnschte Makroprofil Schaltfl\u00e4che, um die Einstellungen zu aktivieren. Wenn Du mit dem Mauszeiger auf einer Makroprofil Schaltfl\u00e4che kurze Zeit verweilst, so wird ein Tooltip mit den Einstellungen des jeweiligen Makroprofils angezeigt.\n<br >\n<br >In der Symbolleiste \u00fcber den Makroprofil Schaltfl\u00e4chen k\u00f6nnen Makros hinzugef\u00fcgt oder gel\u00f6scht werden oder auch das Ausgabeverzeichnis \u00fcber das entsprechende Symbol festgelegt werden.<br ><br >\n\n3. Einstellungen f\u00fcr Dateiname und Dateityp sowie Hintergrundfarbe der Aufnahme\n\n<br ><br >\n\n\n4. Drag &amp; Drop Panel: Hier kann die aktuelle Aufnahme per Drag &amp; Drop in jede Anwendung die Drag &amp; Drop unterst\u00fctzt eingef\u00fcgt werden, egal ob Bild oder Video.\n\n<br ><br >\n\n\n5. Aufnahme starten per Mausklick und Hotkey Einstellungen\n\n<br ><br >\n\n\n6. Bildaufnahmemodus w\u00e4hlen\n\n<br ><br >\n\n\n7. Ausgabebereich. Es k\u00f6nnen bis zu 3 unterschiedliche, gleichzeitige Ausgaben konfiguriert werden. \u00dcber die Option \u201eToolbar\u201c kann die Toolbar ein- oder ausgeblendet werden<\/p>\n<img decoding=\"async\"  class=\"custom-image\" src=\"https:\/\/www.kaemsoft.de\/CMW\/wp-content\/uploads\/2018\/04\/cropped-Tray_Icon-1.jpg\" alt=\"\" title=\"cropped-Tray_Icon-1.jpg\">\n<p  class=\"\" style=\"text-align: left;\">Der Screeny Hauptbildschirm ist \u00fcber das Icon im Infobereich erreichbar mit einem Klick mit der linken Maustaste erreichbar. Mit einem Klick mit der rechten Maustaste auf dieses Symbol ist das Kontextmen\u00fc erreichbar, das Zugriff auf die wichtigsten Einstellungen erm\u00f6glicht.<\/p>\n<img decoding=\"async\"  class=\"custom-image\" src=\"https:\/\/www.kaemsoft.de\/CMW\/wp-content\/uploads\/2015\/06\/cropped-Toolbar-1.jpg\" alt=\"\" title=\"cropped-Toolbar-1.jpg\">\n<h5  class=\"\">Toolbar<\/h5>\n<p  class=\"\" style=\"text-align: left;\">Die Toolbar ist am oberen Bildschirmrand platziert und minimiert sich automatisch in den Hintergrund. \u00dcber den Greifer am rechten unteren Rand kann die Toolbar am\noberen Bildschirmrand platziert werden.<\/p>\n<p  class=\"\" style=\"text-align: left;\">1. \u00dcber diese Schaltfl\u00e4chen kann zwischen Bildaufnahmemodus und Videomodus umgeschaltet werden\n\n<br ><br >\n\n\n2. \u00dcber diese Schaltfl\u00e4che wird die Aufnahme gestartet. Hinweis: Starten Sie die Aufnahme im Modus \u201eMen\u00fc\u201c nicht \u00fcber die Aufnahmetaste,sondern \u00fcber den Hotkey (Tastenkombination).\n\n<br ><br >\n\n\n3. \u00dcber diese Option kann eingestellt werden, ob das Weitergabe-Fenster automatisch nach der Aufnahme angezeigt wird.\n\n<br ><br >\n\n\n4. Klicke hier um den Editor zu ge\u00f6ffnet\n\n<br ><br >\n\n\n5. Hier kann der Aufnahmemodus ge\u00e4ndert werden. Diese \u00c4nderung wirkt sich auf das aktuell gew\u00e4hlte Makro aus.<\/p>\n\n<\/div>\n<\/div>\n<\/div>\n<\/div>","protected":false},"excerpt":{"rendered":"<p>Willkommen bei der Onlinehilfe zu Screeny Bitte registriere Dich kostenlos auf unserer Seite um die komplette Onlinehilfe nutzen zu k\u00f6nnen Diese Onlinehilfe thematisiert beide Versionen von Screeny (Freeware und Professional). Einige beschriebene Funktionen sind nur in der Professional Version verf\u00fcgbar! Mit Screeny Professional nimmst Du Screenshots und Videos vom Bildschirm f\u00fcr Deine Dokumentationen, Produktkataloge, Pr\u00e4sentationen,&hellip; <br \/> <a class=\"read-more\" href=\"https:\/\/www.kaemsoft.de\/CMW\/screeny-hilfe\/\">Weiterlesen<\/a><\/p>\n","protected":false},"author":1,"featured_media":0,"parent":0,"menu_order":0,"comment_status":"closed","ping_status":"closed","template":"page-templates\/page-with-left-sidebar.php","meta":{"footnotes":""},"class_list":["post-504","page","type-page","status-publish","hentry"],"_links":{"self":[{"href":"https:\/\/www.kaemsoft.de\/CMW\/wp-json\/wp\/v2\/pages\/504","targetHints":{"allow":["GET"]}}],"collection":[{"href":"https:\/\/www.kaemsoft.de\/CMW\/wp-json\/wp\/v2\/pages"}],"about":[{"href":"https:\/\/www.kaemsoft.de\/CMW\/wp-json\/wp\/v2\/types\/page"}],"author":[{"embeddable":true,"href":"https:\/\/www.kaemsoft.de\/CMW\/wp-json\/wp\/v2\/users\/1"}],"replies":[{"embeddable":true,"href":"https:\/\/www.kaemsoft.de\/CMW\/wp-json\/wp\/v2\/comments?post=504"}],"version-history":[{"count":30,"href":"https:\/\/www.kaemsoft.de\/CMW\/wp-json\/wp\/v2\/pages\/504\/revisions"}],"predecessor-version":[{"id":3909,"href":"https:\/\/www.kaemsoft.de\/CMW\/wp-json\/wp\/v2\/pages\/504\/revisions\/3909"}],"wp:attachment":[{"href":"https:\/\/www.kaemsoft.de\/CMW\/wp-json\/wp\/v2\/media?parent=504"}],"curies":[{"name":"wp","href":"https:\/\/api.w.org\/{rel}","templated":true}]}}