{"id":276,"date":"2018-01-05T21:36:23","date_gmt":"2018-01-05T20:36:23","guid":{"rendered":"http:\/\/www.kaemsoft.de\/CMW\/?page_id=276"},"modified":"2020-08-26T15:48:40","modified_gmt":"2020-08-26T13:48:40","slug":"impressum","status":"publish","type":"page","link":"https:\/\/www.kaemsoft.de\/CMW\/impressum\/","title":{"rendered":"Impressum"},"content":{"rendered":"<div  data-label=\"About\" data-id=\"about--1\" data-export-id=\"about-1\" data-category=\"about\" class=\"about-1 content-section\" id=\"about-1\" style=\"background-color: rgb(245, 250, 253);\"><div  class=\"gridContainer\"> <div  class=\"row text-center\"><div  class=\"section-title-col\" data-type=\"column\">  <h2  class=\"\">KAEMSOFT<\/h2> <p  class=\"lead\">Software Entwicklung &amp; Vertrieb<\/p><p  class=\"\">Carossaweg 1<br >\nD-86637 Wertingen&nbsp;<br ><br >Inh. M.Keller<br >\nWebseite: https:\/\/www.kaemsoft.de<br >\nFacebook: https:\/\/www.facebook.com\/Kaemsoft\/<br >\nTwitter: https:\/\/twitter.com\/kaemsoft<br ><br >\nE-Mail: Support at kaemsoft.de<br >\nFAX: +4932121351660<br >\nUmsatzsteuer-Identifikationsnummer gem\u00e4\u00df \u00a7 27 a Umsatzsteuergesetz:DE245870802<\/p><\/div> <\/div> <div  class=\"row\"> <div  class=\"button-holder space-bottom space-bottom-small\" data-type=\"column\"> <\/div> <div  class=\"col-xs bottom-xs flexbox image-group-bottom-3-img space-bottom-xs center-xs\"> <img decoding=\"async\"  class=\"left-img shadow-large-black\" data-size=\"500x300\" src=\"https:\/\/www.kaemsoft.de\/CMW\/wp-content\/uploads\/2018\/12\/cropped-Zetwin_5_Shop_500_500-2.png\" alt=\"\" title=\"cropped-Zetwin_5_Shop_500_500-2.png\"> <img decoding=\"async\"  class=\"center-img shadow-large-black\" data-size=\"500x300\" src=\"https:\/\/www.kaemsoft.de\/CMW\/wp-content\/uploads\/2018\/01\/cropped-ScPro_Shop_500_500-7.jpg\" alt=\"\" title=\"cropped-ScPro_Shop_500_500-7.jpg\"> <a  data-cp-link=\"1\" href=\"#\" class=\"right-img-anchor\"><img decoding=\"async\"  class=\"right-img shadow-large-black\" data-size=\"500x300\" src=\"https:\/\/www.kaemsoft.de\/CMW\/wp-content\/plugins\/mesmerize-companion\/theme-data\/mesmerize\/sections\/images\/laptop-2559795.jpg\"><\/a><\/div> <\/div><\/div> <\/div><div  data-label=\"Overlappable\" data-id=\"overlappable--1\" data-export-id=\"overlappable-2\" data-category=\"overlappable\" class=\"overlappable-2 content-section content-section-spacing\" data-overlap=\"true\" id=\"overlappable-1\" style=\"background-color: rgb(255, 255, 255);\"><div  class=\"gridContainer\"> <div  class=\"row middle-sm shadow-medium bg-color-white\"><div  class=\"col-xs-12 col-sm-4 top-sm col-padding col-padding-xs\" data-type=\"column\">   <\/div> <div  class=\"col-xs-12 col-sm-8\"><div  data-type=\"row\" class=\"row\"> <div  class=\"col-xs-12 col-sm-6 col-padding col-padding-small-xs\"> <h5  class=\"\">Domains<\/h5> <p  class=\"\">www.kaemsoft.de<br >\nwww.kaemsoft.com\n<br >www.kaemtech.de\n<br >www.kaemtech.com<br >\nwww.zetwin.de\n<br >www.screeny4free.de\n<br >www.screeny4free.com\n<br >www.kenocheck.de<br >\nwww.ventilatoren24.de <a href=\"https:\/\/www.kaemsoft.de\/CMW\/kontakt\" target=\"_blank\" rel=\"noopener noreferrer\" data-mce-href=\"..\/kontakt\/\" data-mce-selected=\"inline-boundary\" data-cp-link=\"1\">Preisanfrage<\/a><br >\nwww.ventilatoren24.com <a data-mce-href=\"..\/kontakt\/\" href=\"https:\/\/www.kaemsoft.de\/CMW\/kontakt\" target=\"_blank\" rel=\"noopener noreferrer\" data-mce-selected=\"inline-boundary\" data-cp-link=\"1\">Preisanfrage<\/a><br >\nwww.ventilatoren365.de <a data-mce-href=\"..\/kontakt\/\" href=\"https:\/\/www.kaemsoft.de\/CMW\/kontakt\" target=\"_blank\" rel=\"noopener noreferrer\" data-mce-selected=\"inline-boundary\" data-cp-link=\"1\">Preisanfrage<\/a><br >\nwww.ventilatoren365.com <a data-mce-href=\"..\/kontakt\/\" href=\"https:\/\/www.kaemsoft.de\/CMW\/kontakt\" target=\"_blank\" rel=\"noopener noreferrer\" data-mce-selected=\"inline-boundary\" data-cp-link=\"1\">Preisanfrage<\/a><br >\nwww.ventilatoren247.de <a data-mce-href=\"..\/kontakt\/\" href=\"https:\/\/www.kaemsoft.de\/CMW\/kontakt\" target=\"_blank\" rel=\"noopener noreferrer\" data-mce-selected=\"inline-boundary\" data-cp-link=\"1\">Preisanfrage<\/a><br >\nwww.ventilatoren247.com <a data-mce-href=\"..\/kontakt\/\" href=\"https:\/\/www.kaemsoft.de\/CMW\/kontakt\" target=\"_blank\" rel=\"noopener noreferrer\" data-mce-selected=\"inline-boundary\" data-cp-link=\"1\">Preisanfrage<\/a><br >\nwww.luefter24.com <a data-mce-href=\"..\/kontakt\/\" href=\"https:\/\/www.kaemsoft.de\/CMW\/kontakt\" target=\"_blank\" rel=\"noopener noreferrer\" data-mce-selected=\"inline-boundary\" data-cp-link=\"1\">Preisanfrage<\/a><br >\nwww.airfan24.com <a data-mce-href=\"..\/kontakt\/\" href=\"https:\/\/www.kaemsoft.de\/CMW\/kontakt\" target=\"_blank\" rel=\"noopener noreferrer\" data-mce-selected=\"inline-boundary\" data-cp-link=\"1\">Preisanfrage<\/a><br >\nwww.airfan24.eu <a data-mce-href=\"..\/kontakt\/\" href=\"https:\/\/www.kaemsoft.de\/CMW\/kontakt\" target=\"_blank\" rel=\"noopener noreferrer\" data-mce-selected=\"inline-boundary\" data-cp-link=\"1\">Preisanfrage<\/a><br >\nwww.mybioshop24.de <a data-mce-href=\"..\/kontakt\/\" href=\"https:\/\/www.kaemsoft.de\/CMW\/kontakt\" target=\"_blank\" rel=\"noopener noreferrer\" data-mce-selected=\"inline-boundary\" data-cp-link=\"1\">Preisanfrage<\/a><br >\nwww.mybioshop24.com <a data-mce-href=\"..\/kontakt\/\" href=\"https:\/\/www.kaemsoft.de\/CMW\/kontakt\" target=\"_blank\" rel=\"noopener noreferrer\" data-mce-selected=\"inline-boundary\" data-cp-link=\"1\">Preisanfrage<\/a><\/p><\/div> <div  class=\"col-xs-12 col-sm-6 col-padding col-padding-small-xs\"> <h5  class=\"\">Haftung f\u00fcr Inhalte<\/h5> <p  class=\"\">Wir bem\u00fchen uns die Inhalte unserer Seite aktuell zu halten. Trotz sorgf\u00e4ltiger Bearbeitung bleibt eine Haftung ausgeschlossen.<br >\nAls Diensteanbieter sind wir gem\u00e4\u00df \u00a7 7 Abs.1 TMG f\u00fcr eigene Inhalte auf diesen Seiten nach den allgemeinen Gesetzen verantwortlich.<br >\nNach \u00a7\u00a7 8 bis 10 TMG sind wir als Diensteanbieter jedoch nicht verpflichtet, \u00fcbermittelte oder gespeicherte fremde Informationen zu \u00fcberwachen. Bei bekannt werden von Rechtsverletzungen, werden wir diese Inhalte umgehend entfernen. Eine diesbez\u00fcgliche Haftung \u00fcbernehmen wir erst ab dem Zeitpunkt der Kenntnis einer m\u00f6glichen Rechtsverletzung.<\/p><\/div> <div  class=\"col-xs-12 col-sm-6 col-padding col-padding-small-xs\"> <h5  class=\"\">Haftung f\u00fcr Links<\/h5> <p  class=\"\">Unser Angebot enth\u00e4lt Links zu externen Webseiten Dritter, auf deren Inhalte wir keinen Einfluss haben. F\u00fcr die Inhalte der verlinkten Seiten ist stets der jeweilige Anbieter oder Betreiber der Seiten verantwortlich. F\u00fcr die Inhalte und die Richtigkeit der Informationen verlinkter Websites fremder Informationsanbieter wird keine Gew\u00e4hr \u00fcbernommen.<br >\nDie verlinkten Seiten wurden zum Zeitpunkt der Verlinkung auf m\u00f6gliche Rechtsverst\u00f6\u00dfe OHNE BEANSTANDUNG \u00fcberpr\u00fcft. Bei bekannt werden von Rechtsverletzungen werden wir derartige Links umgehend entfernen.<\/p><\/div> <div  class=\"col-xs-12 col-sm-6 col-padding col-padding-small-xs\">  <h5  class=\"\">Urheberrecht<\/h5> <p  class=\"\">Die durch die Seitenbetreiber erstellten Inhalte und Werke auf diesen Seiten unterliegen dem deutschen Urheberrecht. Die Vervielf\u00e4ltigung, Bearbeitung, Verbreitung und jede Art der Verwertung au\u00dferhalb der Grenzen des Urheberrechtes bed\u00fcrfen der schriftlichen Zustimmung des jeweiligen Autors bzw. Erstellers.<\/p><\/div> <\/div><\/div> <\/div><\/div> <\/div><div  id=\"content-8\" class=\"content-17 content-section content-section-spacing\" style=\"background-color: #ffffff;\" data-label=\"Content\" data-id=\"content-17\" data-export-id=\"content-17\" data-category=\"content\">\n<div  class=\"\">\n<div  class=\"row middle-sm\">\n<div  class=\"col-sm-6 space-bottom-xs\" data-type=\"column\">\n<h2  class=\"\">Datenschutz<\/h2>\n<div  class=\"\">Wir weisen darauf hin, dass die Daten\u00fcbertragung im Internet (z.B. bei der Kommunikation per E-Mail) Sicherheitsl\u00fccken aufweisen kann. Ein l\u00fcckenloser Schutz der Daten vor dem Zugriff durch Dritte ist nicht m\u00f6glich. Eine Vertraulichkeit im Hinblick auf die Datenschutzbestimmungen wird nur unter der vorstehenden Einschr\u00e4nkung gew\u00e4hrleistet. Insbesondere sollen alle Mitteilungen von personenbezogenen Daten \u00fcber das Internet nur erfolgen, soweit nicht Rechte Dritter ber\u00fchrt werden. Es sei denn der Dritte hat in Kenntnis der vorstehenden Sicherheitsl\u00fccken ebenfalls seine Zustimmung erkl\u00e4rt. Eine Haftung des Seitenbetreibers wird f\u00fcr die durch solche Sicherheitsl\u00fccken entstehenden Sch\u00e4den oder Unterlassungsanspr\u00fcche ausgeschlossen.<\/div>\n<div  class=\"\"><\/div>\n<div  class=\"\">Der Nutzung von allen ver\u00f6ffentlichten Kontaktdaten durch Dritte zur \u00dcbersendung von nicht ausdr\u00fccklich angeforderter Werbung wird widersprochen. Die Betreiber der Seiten behalten sich ausdr\u00fccklich rechtliche Schritte im Falle der unverlangten Zusendung von Werbeinformationen, etwa durch Spam-Mails, vor.<\/div>\n<div  class=\"\"><\/div>\n<div  class=\"\">Abbildungen auf unseren Seiten dienen rein zur Illustration. Genannte Marken und Namen sind Eigentum der jeweiligen Rechteinhaber.<\/div>\n<div  class=\"\"><\/div>\n<div  class=\"\">Quelle: S &amp; K Rechtsanw\u00e4lte www.streifler.de<\/div>\n<h2  class=\"\">Datenschutzerkl\u00e4rung<\/h2>\n<p  class=\"\">Hier findest Du weitere Informationen zur Datenschutzerkl\u00e4rung:<\/p>\n<a class=\"link\" href=\"https:\/\/www.kaemsoft.de\/CMW\/datenschutzerklaerung\" target=\"_self\" rel=\"noopener noreferrer\" data-cp-link=\"1\">Datenschutzerkl\u00e4rung<\/a>\n\n<\/div>\n<div  class=\"col-sm-6 flexbox around-xs top-xs space-top-xs\">\n<div  class=\"overlay-box flexbox middle-xs center-xs overlay-holder\">\n<div  class=\"overlay-box-offset offset-background shadow-medium bg-color2 hide-xs\"><\/div>\n<img decoding=\"async\"  class=\"flexbox shadow-large img1\" src=\"\/\/extendthemes.com\/assets\/mesmerize\/sections-images\/content-17.jpg\" data-size=\"500x500\">\n\n<\/div>\n<\/div>\n<\/div>\n<\/div>\n<\/div>","protected":false},"excerpt":{"rendered":"<p>KAEMSOFT Software Entwicklung &amp; VertriebCarossaweg 1 D-86637 Wertingen&nbsp;Inh. M.Keller Webseite: https:\/\/www.kaemsoft.de Facebook: https:\/\/www.facebook.com\/Kaemsoft\/ Twitter: https:\/\/twitter.com\/kaemsoft E-Mail: Support at kaemsoft.de FAX: +4932121351660 Umsatzsteuer-Identifikationsnummer gem\u00e4\u00df \u00a7 27 a Umsatzsteuergesetz:DE245870802 Domains www.kaemsoft.de www.kaemsoft.com www.kaemtech.de www.kaemtech.com www.zetwin.de www.screeny4free.de www.screeny4free.com www.kenocheck.de www.ventilatoren24.de Preisanfrage www.ventilatoren24.com Preisanfrage www.ventilatoren365.de Preisanfrage www.ventilatoren365.com Preisanfrage www.ventilatoren247.de Preisanfrage www.ventilatoren247.com Preisanfrage www.luefter24.com Preisanfrage www.airfan24.com Preisanfrage www.airfan24.eu Preisanfrage www.mybioshop24.de&hellip; <br \/> <a class=\"read-more\" href=\"https:\/\/www.kaemsoft.de\/CMW\/impressum\/\">Weiterlesen<\/a><\/p>\n","protected":false},"author":1,"featured_media":0,"parent":0,"menu_order":0,"comment_status":"closed","ping_status":"closed","template":"pro\/page-templates\/full-width-page.php","meta":{"footnotes":""},"class_list":["post-276","page","type-page","status-publish","hentry"],"_links":{"self":[{"href":"https:\/\/www.kaemsoft.de\/CMW\/wp-json\/wp\/v2\/pages\/276","targetHints":{"allow":["GET"]}}],"collection":[{"href":"https:\/\/www.kaemsoft.de\/CMW\/wp-json\/wp\/v2\/pages"}],"about":[{"href":"https:\/\/www.kaemsoft.de\/CMW\/wp-json\/wp\/v2\/types\/page"}],"author":[{"embeddable":true,"href":"https:\/\/www.kaemsoft.de\/CMW\/wp-json\/wp\/v2\/users\/1"}],"replies":[{"embeddable":true,"href":"https:\/\/www.kaemsoft.de\/CMW\/wp-json\/wp\/v2\/comments?post=276"}],"version-history":[{"count":25,"href":"https:\/\/www.kaemsoft.de\/CMW\/wp-json\/wp\/v2\/pages\/276\/revisions"}],"predecessor-version":[{"id":3792,"href":"https:\/\/www.kaemsoft.de\/CMW\/wp-json\/wp\/v2\/pages\/276\/revisions\/3792"}],"wp:attachment":[{"href":"https:\/\/www.kaemsoft.de\/CMW\/wp-json\/wp\/v2\/media?parent=276"}],"curies":[{"name":"wp","href":"https:\/\/api.w.org\/{rel}","templated":true}]}}