{"id":271,"date":"2018-01-05T21:33:39","date_gmt":"2018-01-05T20:33:39","guid":{"rendered":"http:\/\/www.kaemsoft.de\/CMW\/?page_id=271"},"modified":"2019-08-19T20:06:48","modified_gmt":"2019-08-19T18:06:48","slug":"kenocheck","status":"publish","type":"page","link":"https:\/\/www.kaemsoft.de\/CMW\/kenocheck\/","title":{"rendered":"KenoCheck Analyse und Statistik"},"content":{"rendered":"<div  data-label=\"Overlappable\" data-id=\"overlappable-6\" data-export-id=\"overlappable-6\" data-category=\"overlappable\" class=\"overlappable-6 content-section content-section-spacing\" data-overlap=\"true\" id=\"overlappable-5\" style=\"background-color: rgb(255, 255, 255);\"> <div  class=\"gridContainer\"> <div  data-type=\"row\" class=\"row shadow-medium flex-grow\"> <div  class=\"col-xs-12 col-sm-4 col-padding-small col-padding-small-xs white-text bg-orange col-md-12 \"> <div  class=\"row middle-xs\"> <div  class=\"col-xs-12 col-sm-4 col-md-3\"> <i  class=\"fa icon fa-angellist bordered round color-white\"> <\/i> <\/div> <div  data-type=\"column\" class=\"col-xs-12 col-sm-8 col-md-9\"> <h4  class=\"\"><\/h4>  <h1  class=\"\">Mit den richtigen Zahlen\u2026\n<br >\u2026RICHTIG gewinnen!*<\/h1><\/div> <\/div> <\/div>   <\/div> <\/div> <\/div><div  data-label=\"Products\" data-id=\"content--1\" data-export-id=\"content-9\" data-category=\"content\" class=\"content-9 content-section content-section-spacing\" id=\"products\" style=\"background-color: rgb(255, 255, 255);\"><div  class=\"gridContainer\"> <div  class=\"row text-center\"><div  class=\"section-title-col\" data-type=\"column\"><div  data-editable=\"true\" data-name=\"ope-custom-content-shortcode\" data-content-shortcode=\"wcpcsup id=&quot;1815&quot;\" class=\"\">[wcpcsup id=&#8220;1815&#8243;]<\/div>  <\/div> <\/div> <div  class=\"row space-bottom text-center\" data-type=\"row\"> <div  class=\"col-sm-4 col-padding-small\">   <\/div>   <\/div> <div  class=\"row center-xs middle-xs\"> <div  class=\"col-sm-12\" data-type=\"column\">  <\/div><\/div> <\/div><\/div><div  data-label=\"Overlappable\" data-id=\"overlappable-2\" data-export-id=\"overlappable-2\" data-category=\"overlappable\" class=\"overlappable-2 content-section content-section-spacing\" data-overlap=\"true\" id=\"overlappable-2\" style=\"background-color: #ffffff;\">\n<div  class=\"gridContainer\">\n<div  class=\"row middle-sm shadow-medium bg-color-white\">\n<div  class=\"col-xs-12 col-sm-4 top-sm col-padding col-padding-xs\" data-type=\"column\">\n<h3  class=\"font-300\">Statistik und Analyse Software f\u00fcr die deutsche KENO Lotterie<\/h3>\n<p  class=\"\">Mit KenoCheck hast Du die Ziehungszahlen im Griff!<\/p>\n<img decoding=\"async\"  class=\"custom-image\" src=\"https:\/\/www.kaemsoft.de\/CMW\/wp-content\/uploads\/2018\/01\/cropped-KenoCheck4.jpg\" alt=\"\" title=\"cropped-KenoCheck4.jpg\">\n\n<\/div>\n<div  class=\"col-xs-12 col-sm-8\">\n<div  data-type=\"row\" class=\"row\">\n<div  class=\"col-xs-12 col-sm-6 col-padding col-padding-small-xs\">\n\n<i  class=\"fa icon fa-area-chart bordered round color1\"> <\/i>\n<h5  class=\"\">Analyse mit System<\/h5>\n<p  class=\"\">Neben grafischen- wie auch tabellarischen Analysen bietet KenoCheck auch umfangreiche Export M\u00f6glichkeiten.<\/p>\n\n<\/div>\n<\/div>\n<\/div>\n<\/div>\n<\/div>\n<\/div><div  data-label=\"Features\" data-id=\"features-16\" data-export-id=\"features-16\" data-category=\"features\" class=\"features-16 content-section content-section-spacing\" id=\"features-9\" style=\"background-color: #f5fafd;\">\n<div  class=\"gridContainer\">\n<div  class=\"row text-center\">\n<div  class=\"section-title-col\" data-type=\"column\">\n<h2  class=\"\">Analyse immer auf dem aktuellen Stand<\/h2>\n<p  class=\"lead\">Mit KenoCheck bist Du immer auf dem aktuellen Stand der Ziehungen.<\/p>\n\n<\/div>\n<\/div>\n<div  class=\"row spaced-cols\" data-type=\"row\">\n<div  class=\"col-xs-12 col-sm-6 space-bottom col-md-6 \">\n\n<img decoding=\"async\"  class=\"face\" src=\"https:\/\/www.kaemsoft.de\/CMW\/wp-content\/uploads\/2019\/08\/cropped-Keno2.jpg\" alt=\"\" title=\"cropped-Keno2.jpg\">\n<div  data-type=\"column\" class=\"col-padding-small col-padding-small-xs description-container\">\n<h4  class=\"font-500\">Umfangreiche Analyse Funktionen<\/h4>\n<p  class=\"\">Durch umfangreiche Analyse Funktionen kannst Du Deinen Tipp optimieren und somit mit den richitigen Zahlen richtig gewinnen.<\/p>\n\n<\/div>\n<\/div>\n<div  class=\"col-xs-12 col-sm-6 space-bottom col-md-6 \">\n\n<img decoding=\"async\"  class=\"face\" src=\"https:\/\/www.kaemsoft.de\/CMW\/wp-content\/uploads\/2019\/08\/cropped-Keno3.jpg\" alt=\"\" title=\"cropped-Keno3.jpg\">\n<div  data-type=\"column\" class=\"col-padding-small col-padding-small-xs description-container\">\n<h4  class=\"font-500\">Ziehungszahlen aktualisieren \u00fcber Internet<\/h4>\n<p  class=\"\">KenoCheck kann die Ziehungen automatisch&nbsp; aktualisieren, bequem \u00fcber eine Internetverbindung, so bist Du immer auf dem aktuellen Stand!<\/p>\n\n<\/div>\n<\/div>\n<div  class=\"col-xs-12 col-sm-6 space-bottom col-md-6\">\n\n<img decoding=\"async\"  class=\"face\" src=\"https:\/\/www.kaemsoft.de\/CMW\/wp-content\/uploads\/2019\/08\/cropped-Keno4.jpg\" alt=\"\" title=\"cropped-Keno4.jpg\">\n<div  data-type=\"column\" class=\"col-padding-small col-padding-small-xs description-container\">\n<h4  class=\"font-500\">Tipp erstellen und verwalten<\/h4>\n<p  class=\"\">Lege eigene Tippscheine bequem per Mausklick an. Deine Tippscheine kannst Du speichern und zu einem sp\u00e4teren Zeitpunkt erneut \u00f6ffnen und bearbeiten.<\/p>\n\n<\/div>\n<\/div>\n<div  class=\"col-xs-12 col-sm-6 space-bottom col-md-6\">\n\n<img decoding=\"async\"  class=\"face\" src=\"https:\/\/www.kaemsoft.de\/CMW\/wp-content\/uploads\/2019\/08\/cropped-Keno5.jpg\" alt=\"\" title=\"cropped-Keno5.jpg\">\n<div  data-type=\"column\" class=\"col-padding-small col-padding-small-xs description-container\">\n<h4  class=\"font-500\">Gewinnauskunft<\/h4>\n<p  class=\"\">Ermittle Deinen Gewinn ganz einfach: gibt Deinen Tipp ein, ein Klick und Du bekommst die Gewinnsumme angezeigt*.<\/p>\n\n<\/div>\n<\/div>\n<\/div>\n<\/div>\n<\/div><div  data-label=\"Features\" data-id=\"features-12-card-bordered\" data-export-id=\"features-12-card-bordered\" data-category=\"features\" class=\"features-12-card-bordered content-section content-section-spacing \" id=\"features-3\" style=\"background-color: #ffffff;\">\n<div  class=\"gridContainer\">\n<div  class=\"row text-center\">\n<div  class=\"section-title-col\" data-type=\"column\">\n<h2  class=\"\"><\/h2>\n<h2  class=\"\" style=\"margin-bottom: 16px;\">Systemanforderungen<\/h2>\n<p  class=\"lead\"><span  style=\"font-size: 19.2px;\">Folgende Mindestanforderungen werden ben\u00f6tigt um KenoCheck nutzen zu k\u00f6nnen.<\/span><\/p>\n\n<\/div>\n<\/div>\n<div  class=\"row spaced-cols\" data-type=\"row\">\n<div  class=\"col-sm-6\">\n<div  class=\"card row-card bordered y-move\">\n<div  class=\"row\">\n<div  class=\"col-sm-fit icon-column\"><i  class=\"fa icon fa-windows bordered round color2\"> <\/i><\/div>\n<div  class=\"col-sm\" data-type=\"column\">\n<h5  class=\"color2\"><\/h5>\n<h5  class=\"color2\" style=\"margin-bottom: 16px;\">Windows Version<\/h5>\n<p  class=\"\">Windows XP\/Vista\/7\/8\/10<\/p>\n\n<\/div>\n<\/div>\n<\/div>\n<\/div>\n<div  class=\"col-sm-6\">\n<div  class=\"card row-card bordered y-move\">\n<div  class=\"row\">\n<div  class=\"col-sm-fit icon-column\"><i  class=\"fa icon fa-codepen round bordered color2\"> <\/i><\/div>\n<div  class=\"col-sm\" data-type=\"column\">\n<h5  class=\"color2\"><\/h5>\n<h5  class=\"color2\" style=\"margin-bottom: 16px;\">CPU\/RAM\/Speicher<\/h5>\n<ul  class=\"\">\n \t<li >CPU 1Ghz oder h\u00f6her<\/li>\n \t<li >1 GB RAM (4 GB empfohlen)<\/li>\n \t<li >100 MB freien Festplatten speicher(500 MB empfohlen)<\/li>\n<\/ul>\n<\/div>\n<\/div>\n<\/div>\n<\/div>\n<div  class=\"col-sm-6\">\n<div  class=\"card row-card bordered y-move\">\n<div  class=\"row\">\n<div  class=\"col-sm-fit icon-column\"><i  class=\"fa icon fa-cube round bordered color2\"> <\/i><\/div>\n<div  class=\"col-sm\" data-type=\"column\">\n<h5  class=\"color2\"><\/h5>\n<h5  class=\"color2\" style=\"margin-bottom: 16px;\">Sonstiges<\/h5>\n<ul  class=\"\"><li >NET Framework 4.6 oder h\u00f6her<\/li><li >Internetverbindung f\u00fcr Updates<\/li><\/ul>\n<\/div>\n<\/div>\n<\/div>\n<\/div>\n<\/div>\n<\/div>\n<\/div><div  data-label=\"Cta\" data-id=\"cta-blue-section\" data-export-id=\"cta-blue-section\" data-category=\"cta\" class=\"cta-blue-section content-section content-section-spacing-medium bg-color1 white-text\" id=\"cta-1\"> <div  class=\"gridContainer\"> <div  class=\"row middle-xs\"> <div  class=\"col-sm-8 space-bottom-xs\" data-type=\"column\"><p  class=\"\">*Keno ist ein Gl\u00fcckspiel, ein Gewinn kann auch mit der KenoCheck Analyse nicht garantiert werden! Gewinnangaben sind ohne Gew\u00e4hr, \u00c4nderungen m\u00f6glich!<\/p>  <\/div> <div  class=\"col-sm-4 end-sm\" data-type=\"column\">  <\/div> <\/div> <\/div> <\/div>","protected":false},"excerpt":{"rendered":"<p>Mit den richtigen Zahlen\u2026 \u2026RICHTIG gewinnen!* [wcpcsup id=&#8220;1815&#8243;] Statistik und Analyse Software f\u00fcr die deutsche KENO Lotterie Mit KenoCheck hast Du die Ziehungszahlen im Griff! Analyse mit System Neben grafischen- wie auch tabellarischen Analysen bietet KenoCheck auch umfangreiche Export M\u00f6glichkeiten. Analyse immer auf dem aktuellen Stand Mit KenoCheck bist Du immer auf dem aktuellen Stand&hellip; <br \/> <a class=\"read-more\" href=\"https:\/\/www.kaemsoft.de\/CMW\/kenocheck\/\">Weiterlesen<\/a><\/p>\n","protected":false},"author":1,"featured_media":0,"parent":0,"menu_order":0,"comment_status":"closed","ping_status":"closed","template":"pro\/page-templates\/full-width-page.php","meta":{"footnotes":""},"class_list":["post-271","page","type-page","status-publish","hentry"],"_links":{"self":[{"href":"https:\/\/www.kaemsoft.de\/CMW\/wp-json\/wp\/v2\/pages\/271","targetHints":{"allow":["GET"]}}],"collection":[{"href":"https:\/\/www.kaemsoft.de\/CMW\/wp-json\/wp\/v2\/pages"}],"about":[{"href":"https:\/\/www.kaemsoft.de\/CMW\/wp-json\/wp\/v2\/types\/page"}],"author":[{"embeddable":true,"href":"https:\/\/www.kaemsoft.de\/CMW\/wp-json\/wp\/v2\/users\/1"}],"replies":[{"embeddable":true,"href":"https:\/\/www.kaemsoft.de\/CMW\/wp-json\/wp\/v2\/comments?post=271"}],"version-history":[{"count":13,"href":"https:\/\/www.kaemsoft.de\/CMW\/wp-json\/wp\/v2\/pages\/271\/revisions"}],"predecessor-version":[{"id":2233,"href":"https:\/\/www.kaemsoft.de\/CMW\/wp-json\/wp\/v2\/pages\/271\/revisions\/2233"}],"wp:attachment":[{"href":"https:\/\/www.kaemsoft.de\/CMW\/wp-json\/wp\/v2\/media?parent=271"}],"curies":[{"name":"wp","href":"https:\/\/api.w.org\/{rel}","templated":true}]}}