{"id":204,"date":"2018-01-05T19:23:30","date_gmt":"2018-01-05T18:23:30","guid":{"rendered":"http:\/\/www.kaemsoft.de\/CMW\/?page_id=204"},"modified":"2025-11-20T16:45:15","modified_gmt":"2025-11-20T15:45:15","slug":"downloads","status":"publish","type":"page","link":"https:\/\/www.kaemsoft.de\/CMW\/downloads\/","title":{"rendered":"Downloads"},"content":{"rendered":"<div  data-label=\"Product Slider\" data-id=\"content--1\" data-export-id=\"content-12\" data-category=\"content\" class=\"content-12 content-section content-section-spacing\" id=\"product-slider\" style=\"background-color: rgb(255, 255, 255);\"><div  class=\"gridContainer\"> <div  class=\"row text-center\"><div  class=\"section-title-col\" data-type=\"column\">  \n\n\n                <div  data-editable=\"true\" data-name=\"ope-custom-content-shortcode\" data-content-shortcode=\"wp_ad_camp_1\" class=\"\" style=\"position: relative; top: 0px; left: 0px;\"> <script async src=\"\/\/pagead2.googlesyndication.com\/pagead\/js\/adsbygoogle.js\"><\/script>\r\n<!-- Software -->\r\n<ins class=\"adsbygoogle\"\r\n     style=\"display:inline-block;width:728px;height:90px\"\r\n     data-ad-client=\"ca-pub-4185485938670409\"\r\n     data-ad-slot=\"1367080244\"><\/ins>\r\n<script>\r\n(adsbygoogle = window.adsbygoogle || []).push({});\r\n<\/script><\/div><\/div> <\/div> <div  class=\"row center-xs middle-xs\"> <div  class=\"col-sm-9\" data-type=\"column\"> <\/div> <\/div><\/div> <\/div><div  data-label=\"Pricing\" data-id=\"pricing-6\" data-export-id=\"pricing-6\" data-category=\"pricing\" data-featured-class=\"pricing-featured\" class=\"pricing-6 content-section content-section-spacing\" id=\"pricing-6\" style=\"background-color: #ffffff;\">\n<div  class=\"gridContainer\">\n<div  class=\"row\">\n<div  class=\"section-title-col\" data-type=\"column\">\n<p  class=\"lead\">Hier findest Du die aktuellsten Updates und Hinweise zu unseren Produkten. Unsere Downloads sind auf Viren gepr\u00fcft! F\u00fcr Downloads unserer Software von anderen Quellen \u00fcbernehmen wir <span  style=\"font-weight: bold;\">keine<\/span> Haftung!<\/p>\n\n<\/div>\n<\/div>\n<div  data-type=\"row\" class=\"row spaced-cols\">\n<div  class=\"col-xs-12 col-sm-4 text-center col-md-6 \">\n<div  data-default=\"no-class\" data-featured=\"shadow-medium card-color1\" data-type=\"column\" class=\"card\">\n<h3  data-default=\"no-class\" data-featured=\"lightgray\" class=\"font-300 upper\">Screeny Professional<\/h3>\n<h3  data-default=\"no-class\" data-featured=\"inverted\" class=\"h1\">V 4.9.4<\/h3>\n<p  class=\"small color2\">27.05.2024<\/p>\n<a  data-default=\"color1\" data-featured=\"color2\" class=\"button upper color1 square\" href=\"https:\/\/www.kaemsoft.de\/CMW\/produkt\/screeny-professional\" target=\"_self\" data-cp-link=\"1\" data-icon=\"fa-shopping-cart\" rel=\"noopener noreferrer\"><span  class=\"button-icon fa fa-shopping-cart\"><\/span>Kaufen<\/a>\n\n<\/div>\n<\/div>\n<div  class=\"col-xs-12 col-sm-4 text-center pricing-featured col-md-6 \">\n<div  data-default=\"no-class\" data-featured=\"shadow-medium card-color1\" data-type=\"column\" class=\"card card-color1 shadow-medium\">\n<h3  data-default=\"no-class\" data-featured=\"lightgray\" class=\"font-300 upper lightgray\">Screeny 4 Free<\/h3>\n<h3  data-default=\"no-class\" data-featured=\"inverted\" class=\"h1 inverted\">V 4.9.4<\/h3>\n<p  class=\"small color3\">27.05.2024<\/p>\n<a  data-default=\"color1\" data-featured=\"color2\" class=\"button upper color2 square\" href=\"https:\/\/www.kaemsoft.de\/setup.exe\" target=\"_self\" data-cp-link=\"1\" data-icon=\"fa-arrow-circle-o-down\" rel=\"noopener noreferrer\"><span  class=\"button-icon fa fa-arrow-circle-o-down\"><\/span>Download<\/a>\n\n<\/div>\n<\/div>\n<\/div>\n<\/div>\n<\/div><div  data-label=\"Pricing\" data-id=\"pricing-5\" data-export-id=\"pricing-5\" data-category=\"pricing\" data-featured-class=\"pricing-featured\" class=\"pricing-5 content-section content-section-spacing\" id=\"pricing-5\" style=\"background-color: #f5fafd;\">\n<div  class=\"gridContainer\">\n<div  class=\"row\">\n<div  data-type=\"column\" class=\"section-title-col\"><\/div>\n<\/div>\n<div  data-type=\"row\" class=\"row spaced-cols\">\n<div  class=\"col-xs-12 col-sm-4 text-center pricing-featured col-md-6 \">\n<div  data-default=\"shadow-small\" data-featured=\"shadow-large\" data-type=\"column\" class=\"card shadow-large\">\n<h3  class=\"font-300 upper\">Zetwin 4<\/h3>\n<h3  class=\"h1\">V 4.9.2<\/h3>\n<p  data-default=\"color1\" data-featured=\"color2\" class=\"small color2\">06.12.2019<\/p>\n\n\n<a  data-default=\"color1\" data-featured=\"color2\" class=\"button upper color2 square\" href=\"https:\/\/www.kaemsoft.de\/zetwin40\/setup.exe\" target=\"_self\" data-cp-link=\"1\" data-icon=\"fa-arrow-circle-o-down\" rel=\"noopener noreferrer\"><span  class=\"button-icon fa fa-arrow-circle-o-down\"><\/span>Download<\/a>\n\n\n\n<p  class=\"\">Zetwin USB-Dongle erforderlich!<\/p><a  class=\"button color7\" href=\"https:\/\/www.kaemsoft.de\/CMW\/vorabversionen\" target=\"_self\" data-cp-link=\"1\" data-icon=\"fa-hourglass-2\" rel=\"noopener noreferrer\"><span  class=\"button-icon fa fa-hourglass-2\"><\/span>Vorabversionen<\/a><\/div>\n<\/div>\n<div  class=\"col-xs-12 col-sm-4 text-center pricing-featured col-md-6\">\n<div  data-default=\"shadow-small\" data-featured=\"shadow-large\" data-type=\"column\" class=\"card shadow-large\">\n<h3  class=\"font-300 upper\">Zetwin 5<\/h3>\n<h3  class=\"h1\">V 5.0.28<\/h3>\n<p  data-default=\"color1\" data-featured=\"color2\" class=\"small color2\">20.11.2025<\/p><a  class=\"button color1 square\" href=\"https:\/\/www.kaemsoft.de\/CMW\/produkt\/zetwin-5\" target=\"_self\" data-cp-link=\"1\" data-icon=\"fa-cart-arrow-down\" rel=\"noopener noreferrer\"><span  class=\"button-icon fa fa-cart-arrow-down\"><\/span>Kaufen<\/a>\n\n\n<p  class=\"\"><span  id=\"_mce_caret\" data-mce-bogus=\"1\" data-mce-type=\"format-caret\"><span  style=\"font-family: arial, helvetica, sans-serif;\">\ufeff<\/span><\/span><\/p><a  data-default=\"color1\" data-featured=\"color2\" class=\"button upper color2 square\" href=\"https:\/\/www.kaemsoft.de\/zetwin5\/setup.exe\" target=\"_self\" data-cp-link=\"1\" data-icon=\"fa-arrow-circle-o-down\" rel=\"noopener noreferrer\"><span  class=\"button-icon fa fa-arrow-circle-o-down\"><\/span>Download<\/a><p  class=\"\">Zetwin USB-Dongle und Laufzeitlizenz erforderlich!<\/p><a  class=\"button color8 square\" href=\"https:\/\/www.kaemsoft.de\/CMW\/zetwin-5-donglefreischaltung-zum-testen\" target=\"_self\" data-cp-link=\"1\" data-icon=\"fa-check-square-o\" rel=\"noopener noreferrer\"><span  class=\"button-icon fa fa-check-square-o\"><\/span>Zetwin 5 testen*<\/a><p  class=\"\">*Ein Zetwin 4 USB Dongle ist dazu erforderlich<\/p><a  class=\"button color7\" href=\"https:\/\/www.kaemsoft.de\/CMW\/vorabversionen\" target=\"_self\" data-cp-link=\"1\" data-icon=\"fa-hourglass-2\" rel=\"noopener noreferrer\"><span  class=\"button-icon fa fa-hourglass-2\"><\/span>Vorabversionen<\/a><\/div>\n<\/div>\n<\/div>\n<\/div>\n<\/div><div  data-label=\"Features\" data-id=\"features-6\" data-export-id=\"features-6\" data-category=\"features\" class=\"feature-6 content-section-spacing\" id=\"features-7\" style=\"background-color: #f5fafd;\">\n<div  class=\"gridContainer\">\n<div  class=\"row text-center\">\n<div  class=\"section-title-col\" data-type=\"column\">\n<h2  class=\"\">PAD Dateien<\/h2>\n<p  class=\"lead\" style=\"text-align: left;\">PAD steht f\u00fcr \u201ePortable Application Description\u201c. Durch PAD Files stellen wir Dir aktuelle Produktbeschreibungen und -Spezifikationen als XML-Datei zur Verf\u00fcgung. PAD Files werden in einem Standard-Datenformat erstellt, das Webmastern und Programmierern erlaubt, Programmbeschreibungen automatisch zu aktualisieren.<\/p>\n\n<\/div>\n<\/div>\n<div  data-type=\"row\" class=\"row space-bottom\">\n<div  class=\"col-xs-12 col-sm-4 col-padding-small-xs col-md-6\">\n<div  class=\"row\">\n<div  class=\"col-xs-2\">\n<p  class=\"text-center oval color2\">1<\/p>\n\n<\/div>\n<div  class=\"col-xs-10 start-ms\">\n<h4  class=\"color2\">Screeny<\/h4>\nPAD Datei f\u00fcr Screeny\n\n<\/div>\n<\/div>\n<a  class=\"button color1\" href=\"https:\/\/www.kaemsoft.de\/screeny.xml\" target=\"_blank\" data-cp-link=\"1\" data-icon=\"fa-arrow-circle-o-down\" rel=\"noopener noreferrer\"><span  class=\"button-icon fa fa-arrow-circle-o-down\"><\/span>Download<\/a>\n\n<\/div>\n\n<\/div>\n<div  class=\"row\">\n<div  data-type=\"column\" class=\"col-xs-12 text-center\"><\/div>\n<\/div>\n<\/div>\n<\/div>","protected":false},"excerpt":{"rendered":"<p>Hier findest Du die aktuellsten Updates und Hinweise zu unseren Produkten. Unsere Downloads sind auf Viren gepr\u00fcft! F\u00fcr Downloads unserer Software von anderen Quellen \u00fcbernehmen wir keine Haftung! Screeny Professional V 4.9.4 27.05.2024 Kaufen Screeny 4 Free V 4.9.4 27.05.2024 Download Zetwin 4 V 4.9.2 06.12.2019 Download Zetwin USB-Dongle erforderlich!Vorabversionen Zetwin 5 V 5.0.28 20.11.2025Kaufen&hellip; <br \/> <a class=\"read-more\" href=\"https:\/\/www.kaemsoft.de\/CMW\/downloads\/\">Weiterlesen<\/a><\/p>\n","protected":false},"author":1,"featured_media":0,"parent":0,"menu_order":0,"comment_status":"closed","ping_status":"closed","template":"pro\/page-templates\/full-width-page.php","meta":{"footnotes":""},"class_list":["post-204","page","type-page","status-publish","hentry"],"_links":{"self":[{"href":"https:\/\/www.kaemsoft.de\/CMW\/wp-json\/wp\/v2\/pages\/204","targetHints":{"allow":["GET"]}}],"collection":[{"href":"https:\/\/www.kaemsoft.de\/CMW\/wp-json\/wp\/v2\/pages"}],"about":[{"href":"https:\/\/www.kaemsoft.de\/CMW\/wp-json\/wp\/v2\/types\/page"}],"author":[{"embeddable":true,"href":"https:\/\/www.kaemsoft.de\/CMW\/wp-json\/wp\/v2\/users\/1"}],"replies":[{"embeddable":true,"href":"https:\/\/www.kaemsoft.de\/CMW\/wp-json\/wp\/v2\/comments?post=204"}],"version-history":[{"count":149,"href":"https:\/\/www.kaemsoft.de\/CMW\/wp-json\/wp\/v2\/pages\/204\/revisions"}],"predecessor-version":[{"id":5737,"href":"https:\/\/www.kaemsoft.de\/CMW\/wp-json\/wp\/v2\/pages\/204\/revisions\/5737"}],"wp:attachment":[{"href":"https:\/\/www.kaemsoft.de\/CMW\/wp-json\/wp\/v2\/media?parent=204"}],"curies":[{"name":"wp","href":"https:\/\/api.w.org\/{rel}","templated":true}]}}