{"id":128,"date":"2018-01-05T10:29:47","date_gmt":"2018-01-05T09:29:47","guid":{"rendered":"http:\/\/www.kaemsoft.de\/CMW\/mesmerize\/"},"modified":"2025-11-24T12:55:21","modified_gmt":"2025-11-24T11:55:21","slug":"mesmerize","status":"publish","type":"page","link":"https:\/\/www.kaemsoft.de\/CMW\/","title":{"rendered":"Startseite KAEMSOFT Development"},"content":{"rendered":"<div  data-label=\"News\" data-id=\"overlappable-2\" data-export-id=\"overlappable-2\" data-category=\"overlappable\" class=\"overlappable-2 content-section content-section-spacing content-relative\" data-overlap=\"true\" id=\"news\" style=\"background-size: cover; background-position: center top; background-image: none; background-color: rgb(3, 169, 244);\" data-section-ov=\"1\"><div  class=\"section-separator-top\">\n    <svg  xmlns=\"http:\/\/www.w3.org\/2000\/svg\" viewBox=\"0 0 283.5 19.6\" preserveAspectRatio=\"none\" data-separator-name=\"opacity-fan\" class=\"section-separator-top\">\n\t<path  class=\"svg-white-bg\" style=\"opacity: 0.33;\" d=\"M0 0L0 18.8 141.8 4.1 283.5 18.8 283.5 0z\"><\/path>\n\t<path  class=\"svg-white-bg\" style=\"opacity: 0.33;\" d=\"M0 0L0 12.6 141.8 4 283.5 12.6 283.5 0z\"><\/path>\n\t<path  class=\"svg-white-bg\" style=\"opacity: 0.33;\" d=\"M0 0L0 6.4 141.8 4 283.5 6.4 283.5 0z\"><\/path>\n\t<path  class=\"svg-white-bg\" d=\"M0 0L0 1.2 141.8 4 283.5 1.2 283.5 0z\"><\/path>\n<\/svg>\n<\/div>\n<div  class=\"gridContainer\">\n<div  class=\"row middle-sm shadow-medium bg-color-white\">\n<div  class=\"col-xs-12 col-sm-4 top-sm col-padding col-padding-xs\" data-type=\"column\">\n<h3  class=\"font-300\">News<\/h3>\n<p  class=\"\">Hier findest Du Informationen zu den neuesten Updates unserer Software.<\/p>\n<a  class=\"button y-move big color1\" href=\"https:\/\/www.kaemsoft.de\/CMW\/downloads\" target=\"_self\" data-cp-link=\"1\" data-icon=\"fa-arrow-circle-o-down\" style=\"position: relative; top: 0px; left: 0px;\" rel=\"noopener noreferrer\"><span  class=\"button-icon fa fa-arrow-circle-o-down\"><\/span> Downloadseite <\/a>\n<p  class=\"\">Folge uns auf den sozialen Medien<\/p>\n<a  class=\"button small color1 outline\" href=\"https:\/\/www.facebook.com\/Kaemsoft\" target=\"_blank\" data-cp-link=\"1\" data-icon=\"fa-facebook-official\" rel=\"noopener noreferrer\"><span  class=\"button-icon fa fa-facebook-official\"><\/span><\/a> <a  class=\"button small color1 outline\" href=\"https:\/\/twitter.com\/kaemsoft\" target=\"_blank\" data-cp-link=\"1\" data-icon=\"fa-twitter\" rel=\"noopener noreferrer\"><span  class=\"button-icon fa fa-twitter\"><\/span><\/a><a  class=\"button small color1 outline\" href=\"https:\/\/www.youtube.com\/channel\/UC-8yyg5DGVft6qwYolJ3pFA\" target=\"_blank\" data-cp-link=\"1\" data-icon=\"fa-youtube\" rel=\"noopener noreferrer\"><span  class=\"button-icon fa fa-youtube\"><\/span><\/a>\n\n<\/div>\n<div  class=\"col-xs-12 col-sm-8\">\n<div  data-type=\"row\" class=\"row center-sm content-center-sm\">\n\n\n<div  class=\"col-xs-12 col-sm-6 col-padding col-padding-small-xs\">\n\n<i  class=\"fa icon fa-check-circle bordered round color1\"> <\/i>\n<h5  class=\"\">21.11.2025<\/h5>\n<p  class=\"\"><b >Zetwin 5&nbsp;<\/b>in der Version 5.0.28 verf\u00fcgbar<\/p>\n\n<a  class=\"button color1\" href=\"https:\/\/www.kaemsoft.de\/CMW\/downloads\" target=\"_self\" data-cp-link=\"1\" data-icon=\"fa-arrow-circle-o-down\" rel=\"noopener noreferrer\"><span  class=\"button-icon fa fa-arrow-circle-o-down\"><\/span>Download<\/a><\/div><div  class=\"col-xs-12 col-sm-6 col-padding col-padding-small-xs\">\n\n<i  class=\"fa icon fa-check-circle bordered round color1\"> <\/i>\n<h5  class=\"\">27.05.2024<\/h5>\n<p  class=\"\"><span  style=\"font-weight: bold;\">Screeny 4 Free\/Professional<\/span>&nbsp;in der Version 4.9.4 verf\u00fcgbar.<\/p>\n\n<a  class=\"button color1\" href=\"https:\/\/www.kaemsoft.de\/CMW\/downloads\" target=\"_self\" data-cp-link=\"1\" data-icon=\"fa-arrow-circle-o-down\" rel=\"noopener noreferrer\"><span  class=\"button-icon fa fa-arrow-circle-o-down\"><\/span>Download<\/a><\/div><div  class=\"col-xs-12 col-sm-6 col-padding col-padding-small-xs\">\n\n<i  class=\"fa icon fa-check-circle bordered round color1\"> <\/i>\n<h5  class=\"\">06.12.2019<\/h5>\n<p  class=\"\"><span  style=\"font-weight: bold;\">Zetwin 4<\/span>&nbsp;in der Version 4.9.2 verf\u00fcgbar.\n<\/p>\n\n<a  class=\"button color1\" href=\"https:\/\/www.kaemsoft.de\/CMW\/downloads\" target=\"_self\" data-cp-link=\"1\" data-icon=\"fa-arrow-circle-o-down\" rel=\"noopener noreferrer\"><span  class=\"button-icon fa fa-arrow-circle-o-down\"><\/span>Download<\/a><\/div>\n\n<\/div>\n<\/div>\n<\/div>\n<\/div>\n<div  class=\"section-separator-bottom\">\n    <svg  xmlns=\"http:\/\/www.w3.org\/2000\/svg\" viewBox=\"0 0 283.5 19.6\" preserveAspectRatio=\"none\" data-separator-name=\"opacity-fan\" class=\"section-separator-top section-separator-bottom\">\n\t<path  class=\"svg-white-bg\" style=\"opacity: 0.33;\" d=\"M0 0L0 18.8 141.8 4.1 283.5 18.8 283.5 0z\"><\/path>\n\t<path  class=\"svg-white-bg\" style=\"opacity: 0.33;\" d=\"M0 0L0 12.6 141.8 4 283.5 12.6 283.5 0z\"><\/path>\n\t<path  class=\"svg-white-bg\" style=\"opacity: 0.33;\" d=\"M0 0L0 6.4 141.8 4 283.5 6.4 283.5 0z\"><\/path>\n\t<path  class=\"svg-white-bg\" d=\"M0 0L0 1.2 141.8 4 283.5 1.2 283.5 0z\"><\/path>\n<\/svg>\n<\/div><\/div><div  id=\"features-1\" style=\"background-size: cover; background-position: center top;\" data-label=\"Features\" data-id=\"overlappable-4\" data-export-id=\"overlappable-4\" data-category=\"overlappable\" class=\"overlappable-4 content-section content-section-spacing earl_gray content-relative\" data-overlap=\"true\"><div  class=\"section-separator-top\">\n    <svg  xmlns=\"http:\/\/www.w3.org\/2000\/svg\" viewBox=\"0 0 283.5 19.6\" preserveAspectRatio=\"none\" data-separator-name=\"opacity-fan\" class=\"section-separator-top\">\n\t<path  class=\"svg-white-bg\" style=\"opacity: 0.33;\" d=\"M0 0L0 18.8 141.8 4.1 283.5 18.8 283.5 0z\"><\/path>\n\t<path  class=\"svg-white-bg\" style=\"opacity: 0.33;\" d=\"M0 0L0 12.6 141.8 4 283.5 12.6 283.5 0z\"><\/path>\n\t<path  class=\"svg-white-bg\" style=\"opacity: 0.33;\" d=\"M0 0L0 6.4 141.8 4 283.5 6.4 283.5 0z\"><\/path>\n\t<path  class=\"svg-white-bg\" d=\"M0 0L0 1.2 141.8 4 283.5 1.2 283.5 0z\"><\/path>\n<\/svg>\n<\/div>\n<div  class=\"gridContainer\">\n<div  data-type=\"row\" class=\"row spaced-cols text-center start-sm\">\n<div  class=\"col-xs-12 col-sm-4 col-padding\">\n\n<i  class=\"fa icon fa-clone large shadow-large-black round aligncenter reverse color1\"> <\/i>\n<div  data-type=\"column\" class=\"\">\n<h5  class=\"\">Bedienkonzept<\/h5>\n<p  class=\"\">Das Bedienkonzept macht den Unterschied!<\/p>\n\n<\/div>\n<\/div>\n<div  class=\"col-xs-12 col-sm-4 col-padding\">\n\n<i  class=\"fa icon fa-cogs large shadow-large-black round aligncenter reverse color1\"> <\/i>\n<div  data-type=\"column\" class=\"\">\n<h5  class=\"\">TOP FEATURES<\/h5>\n<p  class=\"\">Umfangreiche Funktionen zeichnen unsere Produkte aus, \u00fcberzeuge Dich selbst und teste unsere Software noch heute!<\/p>\n\n<\/div>\n<\/div>\n<div  class=\"col-xs-12 col-sm-4 col-padding\">\n\n<i  class=\"fa icon fa-magic large shadow-large-black round aligncenter reverse color1\"> <\/i>\n<div  data-type=\"column\" class=\"\">\n<h5  class=\"\">Schneller zum Ziel<\/h5>\n<p  class=\"\">Unsere Software bietet viele M\u00f6glichkeiten, um schneller an Dein Ziel zu kommen.<\/p>\n\n<\/div>\n<\/div>\n<\/div>\n<\/div>\n<div  class=\"section-separator-bottom\">\n    <svg  xmlns=\"http:\/\/www.w3.org\/2000\/svg\" viewBox=\"0 0 283.5 19.6\" preserveAspectRatio=\"none\" data-separator-name=\"opacity-fan\" class=\"section-separator-top section-separator-bottom\">\n\t<path  class=\"svg-white-bg\" style=\"opacity: 0.33;\" d=\"M0 0L0 18.8 141.8 4.1 283.5 18.8 283.5 0z\"><\/path>\n\t<path  class=\"svg-white-bg\" style=\"opacity: 0.33;\" d=\"M0 0L0 12.6 141.8 4 283.5 12.6 283.5 0z\"><\/path>\n\t<path  class=\"svg-white-bg\" style=\"opacity: 0.33;\" d=\"M0 0L0 6.4 141.8 4 283.5 6.4 283.5 0z\"><\/path>\n\t<path  class=\"svg-white-bg\" d=\"M0 0L0 1.2 141.8 4 283.5 1.2 283.5 0z\"><\/path>\n<\/svg>\n<\/div><\/div><div  id=\"screeny-pro\" style=\"background-color: rgba(255, 255, 255, 0); background-size: cover; background-position: center top; background-image: url(&quot;https:\/\/www.kaemsoft.de\/CMW\/wp-content\/uploads\/2019\/10\/daniele-levis-pelusi-l9H7FkGjpAE-unsplash_1.jpg&quot;);\" data-label=\"Screeny Pro\" data-id=\"about-1\" data-export-id=\"about-1\" data-category=\"about\" class=\"about-1 content-section content-section-spacing content-relative\" data-section-ov=\"1\"><div  class=\"section-separator-top\">\n    <svg  xmlns=\"http:\/\/www.w3.org\/2000\/svg\" viewBox=\"0 0 283.5 19.6\" preserveAspectRatio=\"none\" data-separator-name=\"opacity-fan\" class=\"section-separator-top\">\n\t<path  class=\"svg-white-bg\" style=\"opacity: 0.33;\" d=\"M0 0L0 18.8 141.8 4.1 283.5 18.8 283.5 0z\"><\/path>\n\t<path  class=\"svg-white-bg\" style=\"opacity: 0.33;\" d=\"M0 0L0 12.6 141.8 4 283.5 12.6 283.5 0z\"><\/path>\n\t<path  class=\"svg-white-bg\" style=\"opacity: 0.33;\" d=\"M0 0L0 6.4 141.8 4 283.5 6.4 283.5 0z\"><\/path>\n\t<path  class=\"svg-white-bg\" d=\"M0 0L0 1.2 141.8 4 283.5 1.2 283.5 0z\"><\/path>\n<\/svg>\n<\/div>\n<div  class=\"gridContainer\">\n<div  class=\"row text-center\">\n<div  class=\"section-title-col\" data-type=\"column\">\n<h5  class=\"\"><span  style=\"color: rgb(255, 255, 255);\">Screeny<\/span><\/h5>\n<h2  class=\"\"><span  style=\"color: rgb(255, 255, 255);\">Screeny Professional ist das smarte \n<br ><a  href=\"https:\/\/de.wikipedia.org\/wiki\/Screenshot\" target=\"_blank\" rel=\"noopener noreferrer\" class=\"\" data-cp-link=\"1\" data-mce-selected=\"inline-boundary\">Screenshot<\/a> Programm, das Dir hilft Dinge schneller zu erledigen<\/span><\/h2>\n<p  class=\"lead\"><span  style=\"color: rgb(255, 255, 255);\">Mit Screeny Professional hast Du alle Einstellungen im Blick. Innovative, umfangreiche Aufnahme- und Weitergabem\u00f6glichkeiten machen die Arbeit mit Screeny Professional spielend einfach. Durch die perfekte Zusammenarbeit mit MS Office, passt Screeny Professional auch bestens in Deine B\u00fcroumgebung.<\/span><\/p>\n<a  class=\"button color1\" href=\"https:\/\/www.kaemsoft.de\/CMW\/screeny-professional\" target=\"_self\" data-cp-link=\"1\" data-icon=\"fa-arrow-circle-right\" rel=\"noopener noreferrer\"><span  class=\"button-icon fa fa-arrow-circle-right\"><\/span>Weitere Informationen<\/a>\n\n<\/div>\n<\/div>\n<div  class=\"row\">\n<div  class=\"col-xs bottom-xs flexbox image-group-bottom-3-img space-bottom-xs center-xs\"><img  decoding=\"async\" class=\"left-img shadow-large-black\" data-size=\"500x300\" src=\"https:\/\/www.kaemsoft.de\/CMW\/wp-content\/uploads\/2018\/06\/cropped-Screeny4_Selection.jpg\" scale=\"0\"> <img  decoding=\"async\" class=\"center-img shadow-large-black\" data-size=\"500x300\" src=\"https:\/\/www.kaemsoft.de\/CMW\/wp-content\/uploads\/2019\/10\/cropped-SC4Pro_Windows.png\" alt=\"\" title=\"cropped-SC4Pro_Windows.png\" scale=\"0\"> <img  decoding=\"async\" class=\"right-img shadow-large-black\" data-size=\"500x300\" src=\"https:\/\/www.kaemsoft.de\/CMW\/wp-content\/uploads\/2018\/06\/cropped-Share_capture-1.jpg\" scale=\"0\"><\/div>\n<\/div>\n<\/div>\n<div  class=\"section-separator-bottom\">\n    <svg  xmlns=\"http:\/\/www.w3.org\/2000\/svg\" viewBox=\"0 0 283.5 19.6\" preserveAspectRatio=\"none\" data-separator-name=\"opacity-fan\" class=\"section-separator-top section-separator-bottom\">\n\t<path  class=\"svg-white-bg\" style=\"opacity: 0.33;\" d=\"M0 0L0 18.8 141.8 4.1 283.5 18.8 283.5 0z\"><\/path>\n\t<path  class=\"svg-white-bg\" style=\"opacity: 0.33;\" d=\"M0 0L0 12.6 141.8 4 283.5 12.6 283.5 0z\"><\/path>\n\t<path  class=\"svg-white-bg\" style=\"opacity: 0.33;\" d=\"M0 0L0 6.4 141.8 4 283.5 6.4 283.5 0z\"><\/path>\n\t<path  class=\"svg-white-bg\" d=\"M0 0L0 1.2 141.8 4 283.5 1.2 283.5 0z\"><\/path>\n<\/svg>\n<\/div><\/div><div  id=\"features-screeny-pro\" style=\"background-size: cover; background-position: center top;\" data-label=\"Features Screeny Pro\" data-id=\"features-12-card-bordered\" data-export-id=\"features-12-card-bordered\" data-category=\"features\" class=\"features-12-card-bordered content-section content-section-spacing above_the_sky content-relative\"><div  class=\"section-separator-top\">\n    <svg  xmlns=\"http:\/\/www.w3.org\/2000\/svg\" viewBox=\"0 0 283.5 19.6\" preserveAspectRatio=\"none\" data-separator-name=\"opacity-fan\" class=\"section-separator-top\">\n\t<path  class=\"svg-white-bg\" style=\"opacity: 0.33;\" d=\"M0 0L0 18.8 141.8 4.1 283.5 18.8 283.5 0z\"><\/path>\n\t<path  class=\"svg-white-bg\" style=\"opacity: 0.33;\" d=\"M0 0L0 12.6 141.8 4 283.5 12.6 283.5 0z\"><\/path>\n\t<path  class=\"svg-white-bg\" style=\"opacity: 0.33;\" d=\"M0 0L0 6.4 141.8 4 283.5 6.4 283.5 0z\"><\/path>\n\t<path  class=\"svg-white-bg\" d=\"M0 0L0 1.2 141.8 4 283.5 1.2 283.5 0z\"><\/path>\n<\/svg>\n<\/div>\n<div  class=\"gridContainer\">\n<div  class=\"row text-center\">\n<div  class=\"section-title-col\" data-type=\"column\">\n<h2  class=\"\"><span  style=\"color: rgb(255, 255, 255);\">\u00dcberragende Funktionsvielfalt<\/span><\/h2>\n<p  class=\"lead\"><span  style=\"color: rgb(84, 77, 77);\">Screeny verf\u00fcgt \u00fcber eine enorme Vielfalt an Funktionen f\u00fcr Screenshots und Bildschirmvideo auf unterschiedlichste Art und Weise.<\/span><\/p>\n\n<\/div>\n<\/div>\n<div  class=\"row spaced-cols\" data-type=\"row\">\n<div  class=\"col-sm-6\">\n<div  class=\"card row-card bordered y-move\">\n<div  class=\"row\">\n<div  class=\"col-sm-fit icon-column\"><i  class=\"fa icon fa-cubes bordered round color2\"> <\/i><\/div>\n<div  class=\"col-sm\" data-type=\"column\">\n<h5  class=\"color2\">Flexible Aufnahmemodi<\/h5>\n<p  class=\"\">Screeny verf\u00fcgt \u00fcber sehr flexible Aufnahmemodi die es erlauben alles vom Bildschirm zu erfassen. <a  href=\"https:\/\/de.wikipedia.org\/wiki\/Screenshot\" target=\"_blank\" rel=\"noopener noreferrer\" class=\"\">Screenshot<\/a> erstellen einfach und smart!<\/p>\n\n<\/div>\n<\/div>\n<\/div>\n<\/div>\n<div  class=\"col-sm-6\">\n<div  class=\"card row-card bordered y-move\">\n<div  class=\"row\">\n<div  class=\"col-sm-fit icon-column\"><i  class=\"fa icon fa-bolt bordered round color2\"> <\/i><\/div>\n<div  class=\"col-sm\" data-type=\"column\">\n<h5  class=\"color2\">Flexible Ausgabeoptionen<\/h5>\n<p  class=\"\">Screeny kann Ihre Screenshots an die unterschiedlichsten Ziele weitergeben, z.B. als Datei speichern oder als E-Mail versenden, im integrierten Editor bearbeiten oder einfach per Drag &amp; Drop in nahezu jede Anwendung einf\u00fcgen.<\/p>\n\n<\/div>\n<\/div>\n<\/div>\n<\/div>\n<div  class=\"col-sm-6\">\n<div  class=\"card row-card bordered y-move\">\n<div  class=\"row\">\n<div  class=\"col-sm-fit icon-column\"><i  class=\"fa icon fa-paint-brush bordered round color2\"> <\/i><\/div>\n<div  class=\"col-sm\" data-type=\"column\">\n<h5  class=\"color2\">Integriertes Whiteboard<\/h5>\n<p  class=\"\">Mit dem integrierten Whiteboard hast Du die M\u00f6glichkeit, auf dem Desktop mit verschiedenen Werkzeugen zu zeichnen, Bereiche zu markieren, Text einzuf\u00fcgen und vieles mehr. Das ganze kann anschlie\u00dfend als Bilddatei gespeichert werden.<\/p>\n\n<\/div>\n<\/div>\n<\/div>\n<\/div>\n<div  class=\"col-sm-6\">\n<div  class=\"card row-card bordered y-move\">\n<div  class=\"row\">\n<div  class=\"col-sm-fit icon-column\"><i  class=\"fa icon fa-arrows bordered round color2\"> <\/i><\/div>\n<div  class=\"col-sm\" data-type=\"column\">\n<h5  class=\"color2\">Editor<\/h5>\n<p  class=\"\">Mit dem Editor k\u00f6nnen die Screenshots bearbeitet, und mit verschiedenen Zeichenelementen erweitert werden, wie z.B. Pfeile, Linien, geometrischen Formen, oder auch automatische Nummerierung von Elementen.<\/p>\n\n<\/div>\n<\/div>\n<\/div>\n<\/div>\n<\/div>\n<\/div>\n<\/div><div  id=\"screeny-4-free\" data-label=\"Screeny 4 Free\" data-id=\"cta-blue-section\" data-export-id=\"cta-blue-section\" data-category=\"cta\" class=\"cta-blue-section content-section content-section-spacing-medium bg-color1 white-text\" style=\"background-image: none; background-color: rgb(54, 193, 54);\">\n<div  class=\"gridContainer\">\n<div  class=\"row middle-xs\">\n<div  class=\"col-sm-8 space-bottom-xs\" data-type=\"column\">\n<h2  class=\"\">Screeny ist auch als Freeware* erh\u00e4ltlich<\/h2>\n\n<p  class=\"\">*nur f\u00fcr private Nutzung!<\/p>\n\n<\/div>\n<div  class=\"col-sm-4 end-sm\" data-type=\"column\"><a  class=\"button color2\" href=\"https:\/\/www.kaemsoft.de\/CMW\/downloads\" target=\"_self\" data-cp-link=\"1\" data-icon=\"fa-arrow-circle-o-down\" rel=\"noopener noreferrer\"><span  class=\"button-icon fa fa-arrow-circle-o-down\"><\/span> Jetzt downloaden <\/a><\/div>\n<\/div>\n<\/div>\n<\/div><div  id=\"zetwin-5\" style=\"background-color: rgb(245, 250, 253); background-image: url(&quot;https:\/\/www.kaemsoft.de\/CMW\/wp-content\/uploads\/2019\/10\/thomas-stephan-KLQg7ugoqms-unsplash_1.jpg&quot;); background-size: cover; background-position: center top;\" data-label=\"Zetwin 5\" data-id=\"content-2\" data-export-id=\"content-2\" data-category=\"content\" class=\"content-2 content-section content-section-spacing\">\n<div >\n<div  class=\"row middle-xs\">\n<div  class=\"col-sm-5 bg-image shadow-large-black\" data-bg=\"image\" style=\"background-image: url(&quot;https:\/\/www.kaemsoft.de\/CMW\/wp-content\/uploads\/2019\/10\/cropped-Zetwin5_1000_1000-1.png&quot;);\"><\/div>\n<div  class=\"col-sm-7 full-col-left-padding full-col-right-padding\">\n<div  class=\"row\">\n<div  data-type=\"column\" class=\"space-bottom-small content-title-col\">\n<h5  class=\"\"><span  style=\"color: rgb(255, 255, 255);\">Zetwin<\/span><\/h5>\n<h2  class=\"\"><span  style=\"color: rgb(255, 255, 255);\">Service &amp; Dokumentation<\/span><\/h2>\n<p  class=\"\"><span  style=\"color: rgb(255, 255, 255);\">Die professionelle Dokumentations- und Service Software f\u00fcr Brandmeldeanlagen.<\/span><\/p>\n\n<\/div>\n<\/div>\n<div  class=\"row spaced-cols \" data-type=\"row\">\n<div  class=\"col-xs-6\" data-type=\"column\">\n<h5  class=\"\"><span  style=\"color: rgb(255, 255, 255);\">Service<\/span><\/h5>\n<p  class=\"\"><span  style=\"color: rgb(255, 255, 255);\">Ob Inspektionsprotokoll oder Me\u00dfwertaufzeichnung zur Problembehebung, mit Zetwin erledigen Sie diese Aufgaben im Handumdrehen.<\/span><\/p>\n\n<\/div>\n<div  class=\"col-xs-6\" data-type=\"column\">\n<h5  class=\"\"><span  style=\"color: rgb(255, 255, 255);\">Dokumentation<\/span><\/h5>\n<p  class=\"\"><span  style=\"color: rgb(255, 255, 255);\">Zetwin erm\u00f6glicht es mit wenigen Klicks eine Dokumentation der Anlagenkonfiguration zu erzeugen.<\/span><\/p>\n\n<\/div>\n<div  class=\"col-xs-6\" data-type=\"column\">\n<h5  class=\"\"><span  style=\"color: rgb(255, 255, 255);\">\u00dcbersicht<\/span><\/h5>\n<p  class=\"\"><span  style=\"color: rgb(255, 255, 255);\">Zetwin stellt die Programmierparameter \u00fcbersichtlich in flexiblen Strukturansichten dar, somit ist eine schnelle Systemanalyse m\u00f6glich. Umfangreiche Suchfunktionen erleichtern den \u00dcberblick.<\/span><\/p>\n\n<a  class=\"button big color1\" href=\"https:\/\/www.kaemsoft.de\/CMW\/zetwin\" target=\"_self\" data-cp-link=\"1\" data-icon=\"fa-arrow-circle-right\" rel=\"noopener noreferrer\"><span  class=\"button-icon fa fa-arrow-circle-right\"><\/span>Weitere Informationen<\/a><\/div>\n<div  class=\"col-xs-6\" data-type=\"column\">\n<h5  class=\"\"><span  style=\"color: rgb(255, 255, 255);\">Etiketten Druck f\u00fcr Brandmelder<\/span><\/h5>\n<p  class=\"\"><span  style=\"color: rgb(255, 255, 255);\">Spielend einfach Beschriftungs-Etiketten f\u00fcr Brandmelder direkt in Zetwin erstellen, kein zeitraubendes Drucken mit Labelprintern.<\/span><\/p><\/div>\n<\/div>\n<\/div>\n<\/div>\n<\/div>\n<\/div><div  id=\"contact\" data-label=\"Contact\" data-id=\"contact-1\" data-export-id=\"contact-1\" data-category=\"contact\" class=\"contact-1 content-section content-section-spacing white-text\" data-parallax-depth=\"20\">\n<div  class=\"gridContainer\">\n<div  class=\"row text-center\">\n<div  class=\"section-title-col\" data-type=\"column\">\n<h2  class=\"\">Kontakt<\/h2>\n<p  class=\"lead\">Wenn Du Fragen rund um unsere Produkte, W\u00fcnsche oder auch Kritik hast, z\u00f6gere nicht uns zu kontaktieren! Wir freuen uns auf Dein Feedback!<\/p>\n\n<\/div>\n<\/div>\n<div  class=\"row text-center\">\n<div  class=\"col-xs-12 col-sm-8 col-sm-offset-2 contact-form-wrapper inline-info\">\n<div  class=\"card large-padding\">\n<div  class=\"\" data-content-shortcode=\"mesmerize_contact_form shortcode=&quot;contact-form-7 id=&amp;amp;quot;198&amp;amp;quot; title=&amp;amp;quot;Kontakt&amp;amp;quot;&quot;\" data-editable=\"true\">\n<div class=\"wpcf7 no-js\" id=\"wpcf7-f198-o1\" lang=\"de-DE\" dir=\"ltr\" data-wpcf7-id=\"198\">\n<div class=\"screen-reader-response\"><p role=\"status\" aria-live=\"polite\" aria-atomic=\"true\"><\/p> <ul><\/ul><\/div>\n<form action=\"\/CMW\/wp-json\/wp\/v2\/pages\/128#wpcf7-f198-o1\" method=\"post\" class=\"wpcf7-form init\" aria-label=\"Kontaktformular\" novalidate=\"novalidate\" data-status=\"init\">\n<fieldset class=\"hidden-fields-container\"><input type=\"hidden\" name=\"_wpcf7\" value=\"198\" \/><input type=\"hidden\" name=\"_wpcf7_version\" value=\"6.1.5\" \/><input type=\"hidden\" name=\"_wpcf7_locale\" value=\"de_DE\" \/><input type=\"hidden\" name=\"_wpcf7_unit_tag\" value=\"wpcf7-f198-o1\" \/><input type=\"hidden\" name=\"_wpcf7_container_post\" value=\"0\" \/><input type=\"hidden\" name=\"_wpcf7_posted_data_hash\" value=\"\" \/>\n<\/fieldset>\n<p><label> Dein Name (Pflichtfeld)<br \/>\n<span class=\"wpcf7-form-control-wrap\" data-name=\"your-name\"><input size=\"40\" maxlength=\"400\" class=\"wpcf7-form-control wpcf7-text wpcf7-validates-as-required\" aria-required=\"true\" aria-invalid=\"false\" value=\"\" type=\"text\" name=\"your-name\" \/><\/span> <\/label>\n<\/p>\n<p><label> Deine E-Mail-Adresse (Pflichtfeld)<br \/>\n<span class=\"wpcf7-form-control-wrap\" data-name=\"your-email\"><input size=\"40\" maxlength=\"400\" class=\"wpcf7-form-control wpcf7-email wpcf7-validates-as-required wpcf7-text wpcf7-validates-as-email\" aria-required=\"true\" aria-invalid=\"false\" value=\"\" type=\"email\" name=\"your-email\" \/><\/span> <\/label>\n<\/p>\n<p><label> Betreff<br \/>\n<span class=\"wpcf7-form-control-wrap\" data-name=\"your-subject\"><input size=\"40\" maxlength=\"400\" class=\"wpcf7-form-control wpcf7-text\" aria-invalid=\"false\" value=\"\" type=\"text\" name=\"your-subject\" \/><\/span> <\/label>\n<\/p>\n<p><label> Deine Nachricht<br \/>\n<span class=\"wpcf7-form-control-wrap\" data-name=\"your-message\"><textarea cols=\"40\" rows=\"10\" maxlength=\"2000\" class=\"wpcf7-form-control wpcf7-textarea\" aria-invalid=\"false\" name=\"your-message\"><\/textarea><\/span> <\/label><br \/>\n<label> Auf welches Produkt bezieht sich Deine Nachricht?(Bitte ausw\u00e4hlen)<br \/>\n<span class=\"wpcf7-form-control-wrap\" data-name=\"menu-713\"><select class=\"wpcf7-form-control wpcf7-select wpcf7-validates-as-required\" aria-required=\"true\" aria-invalid=\"false\" name=\"menu-713\"><option value=\"Screeny Professional\">Screeny Professional<\/option><option value=\"Screeny 4 free\">Screeny 4 free<\/option><option value=\"KenoCheck\">KenoCheck<\/option><option value=\"Zetwin\">Zetwin<\/option><option value=\"Sonstiges\">Sonstiges<\/option><\/select><\/span><br \/>\n<input class=\"wpcf7-form-control wpcf7-submit has-spinner\" type=\"submit\" value=\"Senden\" \/><\/label>\n<\/p><div class=\"wpcf7-response-output\" aria-hidden=\"true\"><\/div>\n<\/form>\n<\/div>\n<\/div>\n<\/div>\n<\/div>\n<\/div>\n<\/div>\n<\/div>","protected":false},"excerpt":{"rendered":"<p>News Hier findest Du Informationen zu den neuesten Updates unserer Software. Downloadseite Folge uns auf den sozialen Medien 21.11.2025 Zetwin 5&nbsp;in der Version 5.0.28 verf\u00fcgbar Download 27.05.2024 Screeny 4 Free\/Professional&nbsp;in der Version 4.9.4 verf\u00fcgbar. Download 06.12.2019 Zetwin 4&nbsp;in der Version 4.9.2 verf\u00fcgbar. Download Bedienkonzept Das Bedienkonzept macht den Unterschied! TOP FEATURES Umfangreiche Funktionen zeichnen unsere&hellip; <br \/> <a class=\"read-more\" href=\"https:\/\/www.kaemsoft.de\/CMW\/\">Weiterlesen<\/a><\/p>\n","protected":false},"author":1,"featured_media":0,"parent":0,"menu_order":0,"comment_status":"closed","ping_status":"closed","template":"page-templates\/homepage.php","meta":{"footnotes":""},"class_list":["post-128","page","type-page","status-publish","hentry"],"_links":{"self":[{"href":"https:\/\/www.kaemsoft.de\/CMW\/wp-json\/wp\/v2\/pages\/128","targetHints":{"allow":["GET"]}}],"collection":[{"href":"https:\/\/www.kaemsoft.de\/CMW\/wp-json\/wp\/v2\/pages"}],"about":[{"href":"https:\/\/www.kaemsoft.de\/CMW\/wp-json\/wp\/v2\/types\/page"}],"author":[{"embeddable":true,"href":"https:\/\/www.kaemsoft.de\/CMW\/wp-json\/wp\/v2\/users\/1"}],"replies":[{"embeddable":true,"href":"https:\/\/www.kaemsoft.de\/CMW\/wp-json\/wp\/v2\/comments?post=128"}],"version-history":[{"count":227,"href":"https:\/\/www.kaemsoft.de\/CMW\/wp-json\/wp\/v2\/pages\/128\/revisions"}],"predecessor-version":[{"id":5744,"href":"https:\/\/www.kaemsoft.de\/CMW\/wp-json\/wp\/v2\/pages\/128\/revisions\/5744"}],"wp:attachment":[{"href":"https:\/\/www.kaemsoft.de\/CMW\/wp-json\/wp\/v2\/media?parent=128"}],"curies":[{"name":"wp","href":"https:\/\/api.w.org\/{rel}","templated":true}]}}