{"id":1059,"date":"2018-02-20T11:04:33","date_gmt":"2018-02-20T10:04:33","guid":{"rendered":"http:\/\/www.kaemsoft.de\/CMW\/versandarten\/"},"modified":"2019-12-23T12:15:03","modified_gmt":"2019-12-23T11:15:03","slug":"versandarten","status":"publish","type":"page","link":"https:\/\/www.kaemsoft.de\/CMW\/versandarten\/","title":{"rendered":"Versandarten"},"content":{"rendered":"<div data-label=\"Content\" data-id=\"content--1\" data-export-id=\"content-16\" data-category=\"content\" class=\"content-16 content-section content-section-spacing\" id=\"content-1\"  style=\"background-color: rgb(255, 255, 255);\"><div class=\"gridContainer\" > <div class=\"row middle-sm\" ><div class=\"col-sm-6 space-bottom-xs\" data-type=\"column\" > <h2 class=\"\" >Versand\u00fcbersicht<\/h2> <p class=\"\" ><span style=\"text-decoration: underline; font-weight: 600;\" >Versand innerhalb Deutschlands<\/span><br >\nVersandkosten inkl. Verpackung: 4,90 EUR &#8211;<br >\nStandardm\u00e4\u00dfig versenden wir die Pakete per DHL.\n<br >\n<br ><span style=\"text-decoration: underline; font-weight: 600;\" >Versand in das Ausland<\/span><br >\n\nbitte informiere dich auf der DHL Webseite \u00fcber die Preise f\u00fcr den internationalen Versand (exclusive Verpackungsmaterial):\n<br ><br ><a data-mce-href=\"https:\/\/www.dhl.de\/de\/privatkunden\/pakete-versenden\/weltweit-versenden\/preise-international.html\" href=\"https:\/\/www.dhl.de\/de\/privatkunden\/pakete-versenden\/weltweit-versenden\/preise-international.html\" target=\"_blank\" rel=\"noopener\" data-mce-selected=\"inline-boundary\"  data-cp-link=\"1\">https:\/\/www.dhl.de\/de\/privatkunden\/pakete-versenden\/weltweit-versenden\/preise-international.html<\/a><br ><br ><span style=\"text-decoration: underline; font-weight: 600;\" >Software in digitaler Form<\/span><br >Software Download Links werden per E-Mail versendet. \n<br >\n\n<br >Hier fallen nat\u00fcrlich keine Versandkosten an.<br ><br ><span style=\"text-decoration: underline; font-weight: 600;\" >Lizenzdaten<\/span><br >\nLizenzdaten werden in digitaler Form versendet.(PDF\/E-Mail)<br ><br ><br >Hier fallen nat\u00fcrlich keine Versandkosten an.<\/p> <\/div> <div class=\"col-sm-6 flexbox around-xs top-xs space-top-xs space-bottom-xs\" ><div class=\"overlay-box flexbox middle-xs center-xs overlay-holder\" > <div class=\"overlay-box-offset offset-border shadow-medium border-color2 hide-xs\" ><\/div> <img decoding=\"async\" class=\"flexbox shadow-large img1\" data-size=\"500x500\" src=\"https:\/\/www.kaemsoft.de\/CMW\/wp-content\/uploads\/2019\/12\/cropped-shipping.jpg\"  alt=\"\" title=\"cropped-shipping.jpg\"><\/div> <\/div><\/div> <\/div><\/div>","protected":false},"excerpt":{"rendered":"<p>Versand\u00fcbersicht Versand innerhalb Deutschlands Versandkosten inkl. Verpackung: 4,90 EUR &#8211; Standardm\u00e4\u00dfig versenden wir die Pakete per DHL. Versand in das Ausland bitte informiere dich auf der DHL Webseite \u00fcber die Preise f\u00fcr den internationalen Versand (exclusive Verpackungsmaterial): https:\/\/www.dhl.de\/de\/privatkunden\/pakete-versenden\/weltweit-versenden\/preise-international.htmlSoftware in digitaler FormSoftware Download Links werden per E-Mail versendet. Hier fallen nat\u00fcrlich keine Versandkosten an.Lizenzdaten Lizenzdaten werden&hellip; <br \/> <a class=\"read-more\" href=\"https:\/\/www.kaemsoft.de\/CMW\/versandarten\/\">Weiterlesen<\/a><\/p>\n","protected":false},"author":1,"featured_media":0,"parent":0,"menu_order":0,"comment_status":"closed","ping_status":"closed","template":"pro\/page-templates\/full-width-page.php","meta":{"footnotes":""},"class_list":["post-1059","page","type-page","status-publish","hentry"],"_links":{"self":[{"href":"https:\/\/www.kaemsoft.de\/CMW\/wp-json\/wp\/v2\/pages\/1059","targetHints":{"allow":["GET"]}}],"collection":[{"href":"https:\/\/www.kaemsoft.de\/CMW\/wp-json\/wp\/v2\/pages"}],"about":[{"href":"https:\/\/www.kaemsoft.de\/CMW\/wp-json\/wp\/v2\/types\/page"}],"author":[{"embeddable":true,"href":"https:\/\/www.kaemsoft.de\/CMW\/wp-json\/wp\/v2\/users\/1"}],"replies":[{"embeddable":true,"href":"https:\/\/www.kaemsoft.de\/CMW\/wp-json\/wp\/v2\/comments?post=1059"}],"version-history":[{"count":2,"href":"https:\/\/www.kaemsoft.de\/CMW\/wp-json\/wp\/v2\/pages\/1059\/revisions"}],"predecessor-version":[{"id":2962,"href":"https:\/\/www.kaemsoft.de\/CMW\/wp-json\/wp\/v2\/pages\/1059\/revisions\/2962"}],"wp:attachment":[{"href":"https:\/\/www.kaemsoft.de\/CMW\/wp-json\/wp\/v2\/media?parent=1059"}],"curies":[{"name":"wp","href":"https:\/\/api.w.org\/{rel}","templated":true}]}}